{"id":15,"date":"2015-03-25T13:39:11","date_gmt":"2015-03-25T13:39:11","guid":{"rendered":"http:\/\/demo.mikado-themes.com\/onyx10\/?page_id=5"},"modified":"2022-02-06T19:12:22","modified_gmt":"2022-02-06T19:12:22","slug":"home","status":"publish","type":"page","link":"https:\/\/www.rinaldi.es\/","title":{"rendered":"Inicio"},"content":{"rendered":"<p>[vc_row row_type=&#8221;row&#8221; use_row_as_full_screen_section=&#8221;no&#8221; type=&#8221;grid&#8221; text_align=&#8221;left&#8221; background_color=&#8221;#f6f5f5&#8243; padding_top=&#8221;12&#8243; padding_bottom=&#8221;12&#8243; css_animation=&#8221;&#8221; box_shadow_on_row=&#8221;no&#8221; oblique_section=&#8221;no&#8221; oblique_section_top_and_bottom=&#8221;both&#8221; oblique_section_position=&#8221;from_left_to_right&#8221; triangle_shape=&#8221;no&#8221; triangle_shape_position=&#8221;both&#8221;][vc_column width=&#8221;2\/3&#8243;][vc_separator type=&#8221;transparent&#8221; up=&#8221;11&#8243; down=&#8221;0&#8243;][vc_column_text]<\/p>\r\n<h4>Desde 1979 a su servicio&#8230; m\u00e1s de 40 a\u00f1os aportando soluciones!<\/h4>\r\n<p>[\/vc_column_text][\/vc_column][vc_column width=&#8221;1\/3&#8243;][no_elements_holder number_of_columns=&#8221;two_columns&#8221; switch_to_one_column=&#8221;1000&#8243; alignment_one_column=&#8221;left&#8221;][no_elements_holder_item item_padding=&#8221;5px 1px 5px 1px&#8221; aligment=&#8221;left&#8221; item_padding_1000_1300=&#8221;5px 1px 5px 1px&#8221; item_padding_768_1000=&#8221;5px 1px 5px 1px&#8221; item_padding_600_768=&#8221;5px 1px 5px 1px&#8221; item_padding_480_600=&#8221;5px 1px 5px 1px&#8221; item_padding_480=&#8221;5px 1px 5px 1px&#8221; advanced_animations=&#8221;no&#8221; start_position=&#8221;bottom&#8221; end_position=&#8221;center&#8221;]<a href=\"https:\/\/www.rinaldi.es\/index.php\/contactar\/\" target=\"_self\" data-hover-background-color=#555555 data-hover-border-color=#555555 data-hover-color=#ffffff  class=\"qbutton  icon_right\" style=\"color: #ffffff; border-color: #e2001a; border-width: 2px; margin: 0 0 0 0; background-color: #e2001a;\">CONTACTAR<\/a>[\/no_elements_holder_item][\/no_elements_holder][\/vc_column][\/vc_row][vc_row row_type=&#8221;row&#8221; use_row_as_full_screen_section=&#8221;no&#8221; type=&#8221;grid&#8221; text_align=&#8221;left&#8221; css_animation=&#8221;&#8221; box_shadow_on_row=&#8221;no&#8221;][vc_column][vc_empty_space height=&#8221;50px&#8221; image_repeat=&#8221;no-repeat&#8221;][vc_column_text]<\/p>\r\n<h4>\u00a0<\/h4>\r\n<h4 style=\"text-align: center;\"><strong>Con el objetivo de ofrecer una herramienta sencilla, eficaz y completa, presentamos este nuevo cat\u00e1logo de productos consecuencia de una labor de\u00a0<\/strong><strong>m\u00e1s de cuarenta a\u00f1os.<\/strong><\/h4>\r\n<p>&nbsp;<\/p>\r\n<h4 style=\"text-align: center;\">\u00a0<\/h4>\r\n<h4 style=\"text-align: center;\"><strong>Esa dilatada experiencia nos permite responder a las exigencias de\u00a0 nuestros clientes, dar soluci\u00f3n a problemas presentados en diferentes \u00e1mbitos siempre atendiendo a los \u00faltimos avances t\u00e9cnicos, a las\u00a0 diferentes normativas y a nuestras propias exigencias de m\u00e1xima calidad.<\/strong><\/h4>\r\n<p>[\/vc_column_text][vc_empty_space image_repeat=&#8221;no-repeat&#8221;][\/vc_column][\/vc_row][vc_row row_type=&#8221;row&#8221; use_row_as_full_screen_section=&#8221;no&#8221; type=&#8221;full_width&#8221; text_align=&#8221;left&#8221; css_animation=&#8221;&#8221; box_shadow_on_row=&#8221;no&#8221;][vc_column][vc_column_text]<\/p>\r\n<h3 style=\"text-align: center;\">CAT\u00c1LOGO DE PRODUCTOS<\/h3>\r\n<p>[\/vc_column_text][vc_empty_space image_repeat=&#8221;no-repeat&#8221;][\/vc_column][\/vc_row][vc_row row_type=&#8221;row&#8221; use_row_as_full_screen_section=&#8221;no&#8221; type=&#8221;grid&#8221; text_align=&#8221;left&#8221; css_animation=&#8221;&#8221; box_shadow_on_row=&#8221;no&#8221;][vc_column width=&#8221;1\/2&#8243;][vc_empty_space image_repeat=&#8221;no-repeat&#8221;][vc_hoverbox image=&#8221;7809&#8243; primary_title=&#8221;&#8221; hover_title=&#8221;INDUSTRIA&#8221; hover_background_color=&#8221;white&#8221;]<\/p>\r\n<h3 style=\"text-align: center;\"><a href=\"https:\/\/www.rinaldi.es\/index.php\/industria\/\">GAMA DE PRODUCTOS<\/a><\/h3>\r\n<p>[\/vc_hoverbox][vc_empty_space image_repeat=&#8221;no-repeat&#8221;][vc_hoverbox image=&#8221;7812&#8243; primary_title=&#8221;&#8221; hover_title=&#8221;MANTENIMIENTO&#8221; hover_background_color=&#8221;white&#8221;]<\/p>\r\n<h3 style=\"text-align: center;\"><a href=\"https:\/\/www.rinaldi.es\/index.php\/mantenimiento\/\">GAMA DE PRODUCTOS<\/a><\/h3>\r\n<p>[\/vc_hoverbox][vc_empty_space image_repeat=&#8221;no-repeat&#8221;][vc_hoverbox image=&#8221;7814&#8243; primary_title=&#8221;&#8221; hover_title=&#8221;AUTOMOCI\u00d3N&#8221; hover_background_color=&#8221;white&#8221;]<\/p>\r\n<h3 style=\"text-align: center;\"><a href=\"https:\/\/www.rinaldi.es\/index.php\/automocion\/\">GAMA DE PRODUCTOS<\/a><\/h3>\r\n<p>[\/vc_hoverbox][vc_empty_space image_repeat=&#8221;no-repeat&#8221;][vc_hoverbox image=&#8221;7816&#8243; primary_title=&#8221;&#8221; hover_title=&#8221;CONSTRUCCI\u00d3N&#8221; hover_background_color=&#8221;white&#8221;]<\/p>\r\n<h3 style=\"text-align: center;\"><a href=\"https:\/\/www.rinaldi.es\/index.php\/construccion-3\/\">GAMA DE PRODUCTOS<\/a><\/h3>\r\n<p>[\/vc_hoverbox][vc_empty_space image_repeat=&#8221;no-repeat&#8221;][vc_hoverbox image=&#8221;7818&#8243; primary_title=&#8221;&#8221; hover_title=&#8221;AEROSOLES&#8221; hover_background_color=&#8221;white&#8221;]<\/p>\r\n<h3 style=\"text-align: center;\"><a href=\"https:\/\/www.rinaldi.es\/index.php\/aerosoles-3\/\">GAMA DE PRODUCTOS<\/a><\/h3>\r\n<p>[\/vc_hoverbox][vc_empty_space image_repeat=&#8221;no-repeat&#8221;][\/vc_column][vc_column width=&#8221;1\/2&#8243;][vc_empty_space image_repeat=&#8221;no-repeat&#8221;][vc_hoverbox image=&#8221;7810&#8243; primary_title=&#8221;&#8221; hover_title=&#8221;AGRICULTURA&#8221; hover_background_color=&#8221;white&#8221;]<\/p>\r\n<h3 style=\"text-align: center;\"><a href=\"https:\/\/www.rinaldi.es\/index.php\/agricultura-3\/\">GAMA DE PRODUCTOS<\/a><\/h3>\r\n<p>[\/vc_hoverbox][vc_empty_space image_repeat=&#8221;no-repeat&#8221;][vc_hoverbox image=&#8221;7813&#8243; primary_title=&#8221;&#8221; hover_title=&#8221;ALIMENTARIA&#8221; hover_background_color=&#8221;white&#8221;]<\/p>\r\n<h3 style=\"text-align: center;\"><a href=\"https:\/\/www.rinaldi.es\/index.php\/alimentaria-3\/\">GAMA DE PRODUCTOS<\/a><\/h3>\r\n<p>[\/vc_hoverbox][vc_empty_space image_repeat=&#8221;no-repeat&#8221;][vc_hoverbox image=&#8221;7815&#8243; primary_title=&#8221;&#8221; hover_title=&#8221;BODEGAS&#8221; hover_background_color=&#8221;white&#8221;]<\/p>\r\n<h3 style=\"text-align: center;\"><a href=\"https:\/\/www.rinaldi.es\/index.php\/bodegas\/\">GAMA DE PRODUCTOS<\/a><\/h3>\r\n<p>[\/vc_hoverbox][vc_empty_space image_repeat=&#8221;no-repeat&#8221;][vc_hoverbox image=&#8221;7817&#8243; primary_title=&#8221;&#8221; hover_title=&#8221;PINTURAS&#8221; hover_background_color=&#8221;white&#8221;]<\/p>\r\n<h3 style=\"text-align: center;\"><a href=\"https:\/\/www.rinaldi.es\/index.php\/pinturas\/\">GAMA DE PRODUCTOS<\/a><\/h3>\r\n<p>[\/vc_hoverbox][vc_empty_space image_repeat=&#8221;no-repeat&#8221;][vc_hoverbox image=&#8221;7727&#8243; primary_title=&#8221;&#8221; hover_title=&#8221;&#8221; hover_background_color=&#8221;white&#8221;]<\/p>\r\n<h2 style=\"text-align: center;\"><a href=\"https:\/\/www.rinaldi.es\/index.php\/envasado\/\">ENVASADO<\/a><\/h2>\r\n<h2 style=\"text-align: center;\"><a href=\"https:\/\/www.rinaldi.es\/index.php\/maquinaria\/\">MAQUINARIA<\/a><\/h2>\r\n<p>[\/vc_hoverbox][vc_empty_space image_repeat=&#8221;no-repeat&#8221;][\/vc_column][\/vc_row][vc_row row_type=&#8221;row&#8221; use_row_as_full_screen_section=&#8221;no&#8221; type=&#8221;full_width&#8221; text_align=&#8221;left&#8221; css_animation=&#8221;&#8221; box_shadow_on_row=&#8221;no&#8221;][vc_column][vc_column_text]<\/p>\r\n<p><br \/><script src=\"https:\/\/apps.elfsight.com\/p\/platform.js\" defer><\/script><\/p>\r\n<div class=\"elfsight-app-a5477474-5512-4997-9b38-2ff10e546f4c\">\u00a0<\/div>\r\n\r\n<p>[\/vc_column_text][\/vc_column][\/vc_row]<\/p>","protected":false},"excerpt":{"rendered":"<p>[vc_row row_type=&#8221;row&#8221; use_row_as_full_screen_section=&#8221;no&#8221; type=&#8221;grid&#8221; text_align=&#8221;left&#8221; background_color=&#8221;#f6f5f5&#8243; padding_top=&#8221;12&#8243; padding_bottom=&#8221;12&#8243; css_animation=&#8221;&#8221; box_shadow_on_row=&#8221;no&#8221; oblique_section=&#8221;no&#8221; oblique_section_top_and_bottom=&#8221;both&#8221; oblique_section_position=&#8221;from_left_to_right&#8221; triangle_shape=&#8221;no&#8221; triangle_shape_position=&#8221;both&#8221;][vc_column width=&#8221;2\/3&#8243;][vc_separator type=&#8221;transparent&#8221; up=&#8221;11&#8243; down=&#8221;0&#8243;][vc_column_text] Desde 1979 a su servicio&#8230; m\u00e1s de 40 a\u00f1os aportando soluciones! [\/vc_column_text][\/vc_column][vc_column width=&#8221;1\/3&#8243;][no_elements_holder number_of_columns=&#8221;two_columns&#8221; switch_to_one_column=&#8221;1000&#8243; alignment_one_column=&#8221;left&#8221;][no_elements_holder_item item_padding=&#8221;5px 1px 5px 1px&#8221; aligment=&#8221;left&#8221; item_padding_1000_1300=&#8221;5px 1px 5px 1px&#8221; item_padding_768_1000=&#8221;5px <a class=\"read-more-link\" href=\"https:\/\/www.rinaldi.es\/\">M\u00e1s detalles<\/a><\/p>\n","protected":false},"author":1,"featured_media":0,"parent":0,"menu_order":0,"comment_status":"closed","ping_status":"closed","template":"full_width.php","meta":{"_monsterinsights_skip_tracking":false,"_monsterinsights_sitenote_active":false,"_monsterinsights_sitenote_note":"","_monsterinsights_sitenote_category":0,"footnotes":""},"class_list":["post-15","page","type-page","status-publish","hentry"],"_links":{"self":[{"href":"https:\/\/www.rinaldi.es\/index.php\/wp-json\/wp\/v2\/pages\/15","targetHints":{"allow":["GET"]}}],"collection":[{"href":"https:\/\/www.rinaldi.es\/index.php\/wp-json\/wp\/v2\/pages"}],"about":[{"href":"https:\/\/www.rinaldi.es\/index.php\/wp-json\/wp\/v2\/types\/page"}],"author":[{"embeddable":true,"href":"https:\/\/www.rinaldi.es\/index.php\/wp-json\/wp\/v2\/users\/1"}],"replies":[{"embeddable":true,"href":"https:\/\/www.rinaldi.es\/index.php\/wp-json\/wp\/v2\/comments?post=15"}],"version-history":[{"count":35,"href":"https:\/\/www.rinaldi.es\/index.php\/wp-json\/wp\/v2\/pages\/15\/revisions"}],"predecessor-version":[{"id":8106,"href":"https:\/\/www.rinaldi.es\/index.php\/wp-json\/wp\/v2\/pages\/15\/revisions\/8106"}],"wp:attachment":[{"href":"https:\/\/www.rinaldi.es\/index.php\/wp-json\/wp\/v2\/media?parent=15"}],"curies":[{"name":"wp","href":"https:\/\/api.w.org\/{rel}","templated":true}]}}