{"id":6357,"date":"2018-11-19T15:28:10","date_gmt":"2018-11-19T15:28:10","guid":{"rendered":"http:\/\/www.rinaldi.es\/?page_id=6357"},"modified":"2018-12-20T18:02:31","modified_gmt":"2018-12-20T18:02:31","slug":"fluidos-de-corte-emulsionables-en-agua","status":"publish","type":"page","link":"https:\/\/www.rinaldi.es\/index.php\/fluidos-de-corte-emulsionables-en-agua\/","title":{"rendered":"Flu\u00eddos de corte emulsionables en agua"},"content":{"rendered":"<p>[vc_row row_type=&#8221;row&#8221; use_row_as_full_screen_section=&#8221;no&#8221; type=&#8221;grid&#8221; text_align=&#8221;left&#8221; css_animation=&#8221;&#8221; box_shadow_on_row=&#8221;no&#8221;][vc_column][vc_empty_space image_repeat=&#8221;no-repeat&#8221;][vc_column_text css=&#8221;.vc_custom_1545328949336{border-bottom-width: 32px !important;}&#8221;]<\/p>\n<h4 style=\"text-align: center;\"><strong>Con el objetivo de ofrecer una herramienta sencilla, eficaz y completa, presentamos este nuevo cat\u00e1logo de productos consecuencia de una labor de <\/strong><strong>m\u00e1s de cuarenta a\u00f1os.<\/strong><\/h4>\n<h4><\/h4>\n<p>&nbsp;<\/p>\n<h4 style=\"text-align: center;\"><strong>Esa dilatada experiencia nos permite responder a las exigencias de\u00a0 nuestros clientes, dar soluci\u00f3n a problemas presentados en diferentes \u00e1mbitos siempre atendiendo a los \u00faltimos avances t\u00e9cnicos, a las\u00a0 diferentes normativas y a nuestras propias exigencias de m\u00e1xima calidad.<\/strong><\/h4>\n<p>[\/vc_column_text][vc_empty_space image_repeat=&#8221;no-repeat&#8221;][\/vc_column][\/vc_row][vc_row row_type=&#8221;row&#8221; use_row_as_full_screen_section=&#8221;no&#8221; type=&#8221;grid&#8221; text_align=&#8221;left&#8221; background_color=&#8221;#ffffff&#8221; css_animation=&#8221;&#8221; box_shadow_on_row=&#8221;no&#8221;][vc_column][vc_empty_space image_repeat=&#8221;no-repeat&#8221;][vc_column_text]<\/p>\n<h3><b>Flu\u00eddos<\/b><b>\u00a0de corte\u00a0<\/b><b>emulsionables<\/b><b>\u00a0<\/b><b>en agua<\/b><\/h3>\n<p>[\/vc_column_text][vc_empty_space height=&#8221;50px&#8221; image_repeat=&#8221;no-repeat&#8221;][vc_row_inner row_type=&#8221;row&#8221; type=&#8221;grid&#8221; use_row_as_full_screen_section_slide=&#8221;no&#8221; text_align=&#8221;center&#8221; css_animation=&#8221;&#8221; box_shadow_on_row=&#8221;no&#8221;][vc_column_inner][vc_empty_space image_repeat=&#8221;no-repeat&#8221;][vc_column_text]<\/p>\n<table width=\"679\">\n<tbody>\n<tr>\n<td width=\"199\">\n<h4><a href=\"https:\/\/www.rinaldi.es\/index.php\/acecor-plus\/\"><strong>ACECOR-PLUS<\/strong><\/a><\/h4>\n<\/td>\n<td width=\"480\">\n<h4><strong>Taladrina bactereost\u00e1tica basada en aceite mineral de emulsiones blancas lechosas, especialmente dise\u00f1ada para operaciones de mecanizado general sobre piezas de acero, aluminio, lat\u00f3n,\u2026<\/strong><\/h4>\n<\/td>\n<\/tr>\n<tr>\n<td width=\"199\">\n<h4><a href=\"https:\/\/www.rinaldi.es\/index.php\/corti\/\"><strong>CORTI<\/strong><\/a><\/h4>\n<\/td>\n<td width=\"480\">\n<h4><strong>Fluido sint\u00e9tico de corte para mecanizado. Refrigerante soluble biostatico para operaciones de mecanizado y rectificado. Transparente<\/strong><\/h4>\n<\/td>\n<\/tr>\n<tr>\n<td width=\"199\">\n<h4><a href=\"https:\/\/www.rinaldi.es\/index.php\/dricol\/\"><strong>DRICOL<\/strong><\/a><\/h4>\n<\/td>\n<td width=\"480\">\n<h4><strong>Taladrina sint\u00e9tica de emulsiones transparentes especialmente dise\u00f1ada para mecanizado, rectificado y biselado<\/strong><\/h4>\n<\/td>\n<\/tr>\n<tr>\n<td width=\"199\">\n<h4><a href=\"https:\/\/www.rinaldi.es\/index.php\/eurocor-plus\/\"><strong>EUROCOR-PLUS<\/strong><\/a><\/h4>\n<\/td>\n<td width=\"480\">\n<h4><strong>Taladrina bactereost\u00e1tica basada en aceite mineral de emulsiones blancas-lechosas con aditivos EP, para rectificado de piezas ferrosas<\/strong><\/h4>\n<\/td>\n<\/tr>\n<tr>\n<td width=\"199\">\n<h4><a href=\"https:\/\/www.rinaldi.es\/index.php\/lidercut-o\/\"><strong>LIDERCUT-O<\/strong><\/a><\/h4>\n<\/td>\n<td width=\"480\">\n<h4><strong>Microemulsi\u00f3n de mecanizado con excelente comportamiento a nivel de espumado. Recomendada en aguas de dureza c\u00e1lcica, blandas o duras.<\/strong><\/h4>\n<\/td>\n<\/tr>\n<tr>\n<td width=\"199\">\n<h4><a href=\"https:\/\/www.rinaldi.es\/index.php\/mecaplus-p\/\"><strong>MECAPLUS-P<\/strong><\/a><\/h4>\n<\/td>\n<td width=\"480\">\n<h4><strong>Microemulsi\u00f3n de mecanizado semi-sint\u00e9tico<\/strong><\/h4>\n<\/td>\n<\/tr>\n<tr>\n<td width=\"199\">\n<h4><a href=\"https:\/\/www.rinaldi.es\/index.php\/rinaglass\/\"><strong>RINAGLASS<\/strong><\/a><\/h4>\n<\/td>\n<td width=\"480\">\n<h4><strong>Fluido acuoso sint\u00e9tico para el trabajo de vidrio<\/strong><\/h4>\n<\/td>\n<\/tr>\n<tr>\n<td width=\"199\">\n<h4><a href=\"https:\/\/www.rinaldi.es\/index.php\/rincor\/\"><strong>RINCOR<\/strong><\/a><\/h4>\n<\/td>\n<td width=\"480\">\n<h4><strong>Taladrina sint\u00e9tica libre de aceite mineral, soluble en agua y especialmente dise\u00f1ada para rectificado, con alto poder refrigerante y totalmente transparente<\/strong><\/h4>\n<\/td>\n<\/tr>\n<tr>\n<td width=\"199\">\n<h4><a href=\"https:\/\/www.rinaldi.es\/index.php\/sincor-plus\/\"><strong>SINCOR-PLUS<\/strong><\/a><\/h4>\n<\/td>\n<td width=\"480\">\n<h4><strong>Taladrina semisint\u00e9tica bactereost\u00e1tica de emulsiones opalescentes dotada de un notable poder refrigerante y dise\u00f1ada para trabajar con aguas muy duras<\/strong><\/h4>\n<\/td>\n<\/tr>\n<tr>\n<td width=\"199\">\n<h4><a href=\"https:\/\/www.rinaldi.es\/index.php\/talcor\/\"><strong>TALCOR<\/strong><\/a><\/h4>\n<\/td>\n<td width=\"480\">\n<h4><strong>Taladrina sint\u00e9tica de emulsi\u00f3n verde transparente especial para rectificado gracias a su alto poder refrigerante, excelente poder anticorrosivo<\/strong><\/h4>\n<\/td>\n<\/tr>\n<\/tbody>\n<\/table>\n<p>[\/vc_column_text][\/vc_column_inner][\/vc_row_inner][vc_empty_space image_repeat=&#8221;no-repeat&#8221;][vc_row_inner row_type=&#8221;row&#8221; type=&#8221;full_width&#8221; use_row_as_full_screen_section_slide=&#8221;no&#8221; text_align=&#8221;left&#8221; css_animation=&#8221;&#8221; box_shadow_on_row=&#8221;no&#8221;][vc_column_inner width=&#8221;1\/2&#8243;]<a href=\"https:\/\/www.rinaldi.es\/index.php\/industria\/\" target=\"_self\"  class=\"qbutton  icon_right\" style=\"\">VOLVER A &gt;&gt; INDUSTRIA<\/a>[vc_empty_space image_repeat=&#8221;no-repeat&#8221;][\/vc_column_inner][vc_column_inner width=&#8221;1\/2&#8243;][\/vc_column_inner][\/vc_row_inner][\/vc_column][\/vc_row][vc_row row_type=&#8221;row&#8221; use_row_as_full_screen_section=&#8221;no&#8221; type=&#8221;full_width&#8221; text_align=&#8221;left&#8221; css_animation=&#8221;&#8221; box_shadow_on_row=&#8221;no&#8221;][vc_column][\/vc_column][\/vc_row][vc_row row_type=&#8221;row&#8221; use_row_as_full_screen_section=&#8221;no&#8221; type=&#8221;full_width&#8221; text_align=&#8221;left&#8221; css_animation=&#8221;&#8221; box_shadow_on_row=&#8221;no&#8221;][vc_column][\/vc_column][\/vc_row]<\/p>\n","protected":false},"excerpt":{"rendered":"<p>[vc_row row_type=&#8221;row&#8221; use_row_as_full_screen_section=&#8221;no&#8221; type=&#8221;grid&#8221; text_align=&#8221;left&#8221; css_animation=&#8221;&#8221; box_shadow_on_row=&#8221;no&#8221;][vc_column][vc_empty_space image_repeat=&#8221;no-repeat&#8221;][vc_column_text css=&#8221;.vc_custom_1545328949336{border-bottom-width: 32px !important;}&#8221;] Con el objetivo de ofrecer una herramienta sencilla, eficaz y completa, presentamos este nuevo cat\u00e1logo de productos consecuencia de una labor de m\u00e1s de cuarenta a\u00f1os. &nbsp; Esa dilatada experiencia nos permite responder a <a class=\"read-more-link\" href=\"https:\/\/www.rinaldi.es\/index.php\/fluidos-de-corte-emulsionables-en-agua\/\">M\u00e1s detalles<\/a><\/p>\n","protected":false},"author":1,"featured_media":0,"parent":0,"menu_order":0,"comment_status":"closed","ping_status":"closed","template":"full_width.php","meta":{"_monsterinsights_skip_tracking":false,"_monsterinsights_sitenote_active":false,"_monsterinsights_sitenote_note":"","_monsterinsights_sitenote_category":0,"footnotes":""},"class_list":["post-6357","page","type-page","status-publish","hentry"],"_links":{"self":[{"href":"https:\/\/www.rinaldi.es\/index.php\/wp-json\/wp\/v2\/pages\/6357","targetHints":{"allow":["GET"]}}],"collection":[{"href":"https:\/\/www.rinaldi.es\/index.php\/wp-json\/wp\/v2\/pages"}],"about":[{"href":"https:\/\/www.rinaldi.es\/index.php\/wp-json\/wp\/v2\/types\/page"}],"author":[{"embeddable":true,"href":"https:\/\/www.rinaldi.es\/index.php\/wp-json\/wp\/v2\/users\/1"}],"replies":[{"embeddable":true,"href":"https:\/\/www.rinaldi.es\/index.php\/wp-json\/wp\/v2\/comments?post=6357"}],"version-history":[{"count":22,"href":"https:\/\/www.rinaldi.es\/index.php\/wp-json\/wp\/v2\/pages\/6357\/revisions"}],"predecessor-version":[{"id":7831,"href":"https:\/\/www.rinaldi.es\/index.php\/wp-json\/wp\/v2\/pages\/6357\/revisions\/7831"}],"wp:attachment":[{"href":"https:\/\/www.rinaldi.es\/index.php\/wp-json\/wp\/v2\/media?parent=6357"}],"curies":[{"name":"wp","href":"https:\/\/api.w.org\/{rel}","templated":true}]}}