{"id":6386,"date":"2018-11-19T17:05:32","date_gmt":"2018-11-19T17:05:32","guid":{"rendered":"http:\/\/www.rinaldi.es\/?page_id=6386"},"modified":"2021-12-04T22:16:02","modified_gmt":"2021-12-04T22:16:02","slug":"agricultura-3","status":"publish","type":"page","link":"https:\/\/www.rinaldi.es\/index.php\/agricultura-3\/","title":{"rendered":"AGRICULTURA"},"content":{"rendered":"<p>[vc_row row_type=&#8221;row&#8221; use_row_as_full_screen_section=&#8221;no&#8221; type=&#8221;grid&#8221; text_align=&#8221;left&#8221; css_animation=&#8221;&#8221; box_shadow_on_row=&#8221;no&#8221;][vc_column][vc_empty_space image_repeat=&#8221;no-repeat&#8221;][vc_column_text css=&#8221;.vc_custom_1545329350446{border-bottom-width: 32px !important;}&#8221;]<\/p>\n<h4 style=\"text-align: center;\"><strong>Con el objetivo de ofrecer una herramienta sencilla, eficaz y completa, presentamos este nuevo cat\u00e1logo de productos consecuencia de una labor de <\/strong><strong>m\u00e1s de cuarenta a\u00f1os.<\/strong><\/h4>\n<h4><\/h4>\n<p>&nbsp;<\/p>\n<h4 style=\"text-align: center;\"><strong>Esa dilatada experiencia nos permite responder a las exigencias de\u00a0 nuestros clientes, dar soluci\u00f3n a problemas presentados en diferentes \u00e1mbitos siempre atendiendo a los \u00faltimos avances t\u00e9cnicos, a las\u00a0 diferentes normativas y a nuestras propias exigencias de m\u00e1xima calidad.<\/strong><\/h4>\n<p>[\/vc_column_text][vc_empty_space image_repeat=&#8221;no-repeat&#8221;][\/vc_column][\/vc_row][vc_row row_type=&#8221;row&#8221; use_row_as_full_screen_section=&#8221;no&#8221; type=&#8221;grid&#8221; text_align=&#8221;center&#8221; background_color=&#8221;#ffffff&#8221; css_animation=&#8221;&#8221; box_shadow_on_row=&#8221;no&#8221;][vc_column][vc_empty_space image_repeat=&#8221;no-repeat&#8221;][vc_column_text]<\/p>\n<h3 style=\"text-align: left;\">AGRICULTURA<\/h3>\n<p>[\/vc_column_text][vc_row_inner row_type=&#8221;row&#8221; type=&#8221;full_width&#8221; use_row_as_full_screen_section_slide=&#8221;no&#8221; text_align=&#8221;left&#8221; css_animation=&#8221;&#8221; box_shadow_on_row=&#8221;no&#8221;][vc_column_inner width=&#8221;2\/3&#8243;][vc_empty_space height=&#8221;50px&#8221; image_repeat=&#8221;no-repeat&#8221;][vc_empty_space height=&#8221;50px&#8221; image_repeat=&#8221;no-repeat&#8221;][vc_column_text]<\/p>\n<h2 style=\"text-align: right;\">DISTRIBUIDORES OFICIALES DE<\/h2>\n<p>[\/vc_column_text][\/vc_column_inner][vc_column_inner width=&#8221;1\/3&#8243;][vc_single_image image=&#8221;7877&#8243; img_size=&#8221;215&#215;173&#8243; onclick=&#8221;custom_link&#8221; img_link_target=&#8221;_blank&#8221; mkd_css_animation=&#8221;&#8221; link=&#8221;https:\/\/adiego.com\/agricultura\/&#8221;][\/vc_column_inner][\/vc_row_inner][vc_empty_space height=&#8221;50px&#8221; image_repeat=&#8221;no-repeat&#8221;][vc_row_inner row_type=&#8221;row&#8221; type=&#8221;grid&#8221; use_row_as_full_screen_section_slide=&#8221;no&#8221; text_align=&#8221;center&#8221; css_animation=&#8221;&#8221; box_shadow_on_row=&#8221;no&#8221;][vc_column_inner][vc_column_text]<\/p>\n<table width=\"696\">\n<tbody>\n<tr>\n<td width=\"201\">\n<h4><a href=\"https:\/\/www.rinaldi.es\/index.php\/baclim\/\"><strong>BACLIM<\/strong><\/a><\/h4>\n<\/td>\n<td width=\"494\">\n<h4><strong>Detergente para el lavado de melazas, palots, maquinaria, suelos<\/strong><\/h4>\n<\/td>\n<\/tr>\n<tr>\n<td width=\"201\">\n<h4><a href=\"https:\/\/www.rinaldi.es\/index.php\/baclim-d\/\"><strong>BACLIM-D<\/strong><\/a><\/h4>\n<\/td>\n<td width=\"494\">\n<h4><strong>Limpiador de tijeras y utillajes agr\u00edcolas<\/strong><\/h4>\n<\/td>\n<\/tr>\n<tr>\n<td width=\"201\">\n<h4><a href=\"https:\/\/www.rinaldi.es\/index.php\/calimp\/\"><strong>CALIMP<\/strong><\/a><\/h4>\n<\/td>\n<td width=\"494\">\n<h4><strong>Desengrasante concentrado soluble en agua, sin espuma, ideal para la limpieza y saneamiento de cajas de pl\u00e1stico de fruta, suelos y todo tipo de superficies<\/strong><\/h4>\n<\/td>\n<\/tr>\n<tr>\n<td width=\"201\">\n<h4><a href=\"https:\/\/www.rinaldi.es\/index.php\/espumcor\/\"><strong>ESPUMCOR<\/strong><\/a><\/h4>\n<\/td>\n<td width=\"494\">\n<h4><strong>Antiespumante<\/strong><\/h4>\n<\/td>\n<\/tr>\n<tr>\n<td width=\"201\">\n<h4><a href=\"https:\/\/www.rinaldi.es\/index.php\/espumcor-al\/\"><strong>ESPUMCOR-AL<\/strong><\/a><\/h4>\n<\/td>\n<td width=\"494\">\n<h4><strong>Antiespumante de uso alimentario<\/strong><\/h4>\n<\/td>\n<\/tr>\n<tr>\n<td width=\"201\">\n<h4><a href=\"https:\/\/www.rinaldi.es\/index.php\/espumcor-d\/\"><strong>ESPUMCOR-D<\/strong><\/a><\/h4>\n<\/td>\n<td width=\"494\">\n<h4><strong>Antiespumante para depuradoras<\/strong><\/h4>\n<\/td>\n<\/tr>\n<tr>\n<td width=\"201\">\n<h4><a href=\"https:\/\/www.rinaldi.es\/index.php\/espumrin\/\"><strong>ESPUMRIN<\/strong><\/a><\/h4>\n<\/td>\n<td width=\"494\">\n<h4><strong>Espuma para marcadores<\/strong><\/h4>\n<\/td>\n<\/tr>\n<tr>\n<td width=\"201\">\n<h4><a href=\"https:\/\/www.rinaldi.es\/index.php\/flonte\/\"><strong>FLONTE<\/strong><\/a><\/h4>\n<\/td>\n<td width=\"494\">\n<h4><strong>Aflojatodo-lubricante en aerosol de 400 c.c.<\/strong><\/h4>\n<\/td>\n<\/tr>\n<tr>\n<td width=\"201\">\n<h4><a href=\"https:\/\/www.rinaldi.es\/index.php\/glas-sin\/\"><strong>GLAS-SIN<\/strong><\/a><\/h4>\n<\/td>\n<td width=\"494\">\n<h4><strong>Anticongelante de uso directo formulado para -20\u00baC<\/strong><\/h4>\n<\/td>\n<\/tr>\n<tr>\n<td width=\"201\">\n<h4><a href=\"https:\/\/www.rinaldi.es\/index.php\/glas-sol\/\"><strong>GLAS-SOL<\/strong><\/a><\/h4>\n<\/td>\n<td width=\"494\">\n<h4><strong>Anticongelante puro<\/strong><\/h4>\n<\/td>\n<\/tr>\n<tr>\n<td width=\"201\">\n<h4><a href=\"https:\/\/www.rinaldi.es\/index.php\/graden2\/\"><strong>GRADEN<\/strong><\/a><\/h4>\n<\/td>\n<td width=\"494\">\n<h4><strong>Lubricante de cadenas transparente con tefl\u00f3n.Aerosol de 400 c.c.<\/strong><\/h4>\n<\/td>\n<\/tr>\n<tr>\n<td width=\"201\">\n<h4><a href=\"https:\/\/www.rinaldi.es\/index.php\/licar2\/\"><strong>LICAR<\/strong><\/a><\/h4>\n<\/td>\n<td width=\"494\">\n<h4><strong>Grasa l\u00edtica en cartuchos de 400 Gr y consistencia NLGI 2<\/strong><\/h4>\n<\/td>\n<\/tr>\n<tr>\n<td width=\"201\">\n<h4><a href=\"https:\/\/www.rinaldi.es\/index.php\/mojarin\/\"><strong>MOJARIN<\/strong><\/a><\/h4>\n<\/td>\n<td width=\"494\">\n<h4><strong>Producto agr\u00edcola<\/strong><\/h4>\n<\/td>\n<\/tr>\n<tr>\n<td width=\"201\">\n<h4><a href=\"https:\/\/www.rinaldi.es\/index.php\/motor-oil\/\"><strong>MOTOR-OIL<\/strong><\/a><\/h4>\n<\/td>\n<td width=\"494\">\n<h4><strong>Aceite de motor 15W40<\/strong><\/h4>\n<\/td>\n<\/tr>\n<tr>\n<td width=\"201\">\n<h4><a href=\"https:\/\/www.rinaldi.es\/index.php\/rinoxid\/\"><strong>RINOXID<\/strong><\/a><\/h4>\n<\/td>\n<td width=\"494\">\n<h4><strong>Esmalte sint\u00e9tico anticorrosivo para el pintado de maquinaria agr\u00edcola.<\/strong><\/h4>\n<\/td>\n<\/tr>\n<tr>\n<td width=\"201\">\n<h4><a href=\"https:\/\/www.rinaldi.es\/index.php\/rinoxid-aqua\/\"><strong>RINOXID-AQUA<\/strong><\/a><\/h4>\n<\/td>\n<td width=\"494\">\n<h4><strong>Esmalte sint\u00e9tico anticorrosivo al agua para el pintado de todo tipo de maquinaria agr\u00edcola.<\/strong><\/h4>\n<\/td>\n<\/tr>\n<tr>\n<td width=\"201\">\n<h4><a href=\"https:\/\/www.rinaldi.es\/index.php\/trans-oil\/\"><strong>TRANS-OIL<\/strong><\/a><\/h4>\n<\/td>\n<td width=\"494\">\n<h4><strong>Aceite de transmisiones 10W30<\/strong><\/h4>\n<\/td>\n<\/tr>\n<tr>\n<td width=\"201\">\n<h4><a href=\"https:\/\/www.rinaldi.es\/index.php\/vapormat\/\"><strong>VAPORMAT<\/strong><\/a><\/h4>\n<\/td>\n<td width=\"494\">\n<h4><strong>Desengrasante para la limpieza de todo tipo de maquinaria agr\u00edcola.\u00a0<\/strong><\/h4>\n<\/td>\n<\/tr>\n<\/tbody>\n<\/table>\n<p>[\/vc_column_text][\/vc_column_inner][\/vc_row_inner][vc_empty_space image_repeat=&#8221;no-repeat&#8221;][vc_row_inner row_type=&#8221;row&#8221; type=&#8221;full_width&#8221; use_row_as_full_screen_section_slide=&#8221;no&#8221; text_align=&#8221;left&#8221; css_animation=&#8221;&#8221; box_shadow_on_row=&#8221;no&#8221;][vc_column_inner width=&#8221;1\/2&#8243;]<a href=\"https:\/\/www.rinaldi.es\/index.php\/catalogo-de-productos\/\" target=\"_self\"  class=\"qbutton  icon_right\" style=\"\">VOLVER A &gt;&gt; CAT\u00c1LOGO DE PRODUCTOS<\/a>[vc_empty_space image_repeat=&#8221;no-repeat&#8221;][\/vc_column_inner][vc_column_inner width=&#8221;1\/2&#8243;][\/vc_column_inner][\/vc_row_inner][\/vc_column][\/vc_row][vc_row row_type=&#8221;row&#8221; use_row_as_full_screen_section=&#8221;no&#8221; type=&#8221;full_width&#8221; text_align=&#8221;left&#8221; css_animation=&#8221;&#8221; box_shadow_on_row=&#8221;no&#8221;][vc_column][\/vc_column][\/vc_row][vc_row row_type=&#8221;row&#8221; use_row_as_full_screen_section=&#8221;no&#8221; type=&#8221;full_width&#8221; text_align=&#8221;left&#8221; css_animation=&#8221;&#8221; box_shadow_on_row=&#8221;no&#8221;][vc_column][\/vc_column][\/vc_row]<\/p>\n","protected":false},"excerpt":{"rendered":"<p>[vc_row row_type=&#8221;row&#8221; use_row_as_full_screen_section=&#8221;no&#8221; type=&#8221;grid&#8221; text_align=&#8221;left&#8221; css_animation=&#8221;&#8221; box_shadow_on_row=&#8221;no&#8221;][vc_column][vc_empty_space image_repeat=&#8221;no-repeat&#8221;][vc_column_text css=&#8221;.vc_custom_1545329350446{border-bottom-width: 32px !important;}&#8221;] Con el objetivo de ofrecer una herramienta sencilla, eficaz y completa, presentamos este nuevo cat\u00e1logo de productos consecuencia de una labor de m\u00e1s de cuarenta a\u00f1os. &nbsp; Esa dilatada experiencia nos permite responder a <a class=\"read-more-link\" href=\"https:\/\/www.rinaldi.es\/index.php\/agricultura-3\/\">M\u00e1s detalles<\/a><\/p>\n","protected":false},"author":1,"featured_media":0,"parent":0,"menu_order":0,"comment_status":"closed","ping_status":"closed","template":"full_width.php","meta":{"_monsterinsights_skip_tracking":false,"_monsterinsights_sitenote_active":false,"_monsterinsights_sitenote_note":"","_monsterinsights_sitenote_category":0,"footnotes":""},"class_list":["post-6386","page","type-page","status-publish","hentry"],"_links":{"self":[{"href":"https:\/\/www.rinaldi.es\/index.php\/wp-json\/wp\/v2\/pages\/6386","targetHints":{"allow":["GET"]}}],"collection":[{"href":"https:\/\/www.rinaldi.es\/index.php\/wp-json\/wp\/v2\/pages"}],"about":[{"href":"https:\/\/www.rinaldi.es\/index.php\/wp-json\/wp\/v2\/types\/page"}],"author":[{"embeddable":true,"href":"https:\/\/www.rinaldi.es\/index.php\/wp-json\/wp\/v2\/users\/1"}],"replies":[{"embeddable":true,"href":"https:\/\/www.rinaldi.es\/index.php\/wp-json\/wp\/v2\/comments?post=6386"}],"version-history":[{"count":11,"href":"https:\/\/www.rinaldi.es\/index.php\/wp-json\/wp\/v2\/pages\/6386\/revisions"}],"predecessor-version":[{"id":7913,"href":"https:\/\/www.rinaldi.es\/index.php\/wp-json\/wp\/v2\/pages\/6386\/revisions\/7913"}],"wp:attachment":[{"href":"https:\/\/www.rinaldi.es\/index.php\/wp-json\/wp\/v2\/media?parent=6386"}],"curies":[{"name":"wp","href":"https:\/\/api.w.org\/{rel}","templated":true}]}}