{"id":6389,"date":"2018-11-19T17:07:17","date_gmt":"2018-11-19T17:07:17","guid":{"rendered":"http:\/\/www.rinaldi.es\/?page_id=6389"},"modified":"2021-12-04T23:33:08","modified_gmt":"2021-12-04T23:33:08","slug":"alimentaria-3","status":"publish","type":"page","link":"https:\/\/www.rinaldi.es\/index.php\/alimentaria-3\/","title":{"rendered":"ALIMENTARIA"},"content":{"rendered":"<p>[vc_row row_type=&#8221;row&#8221; use_row_as_full_screen_section=&#8221;no&#8221; type=&#8221;grid&#8221; text_align=&#8221;left&#8221; css_animation=&#8221;&#8221; box_shadow_on_row=&#8221;no&#8221;][vc_column][vc_empty_space image_repeat=&#8221;no-repeat&#8221;][vc_column_text css=&#8221;.vc_custom_1545329962260{border-bottom-width: 32px !important;}&#8221;]<\/p>\n<h4 style=\"text-align: center;\"><strong>Con el objetivo de ofrecer una herramienta sencilla, eficaz y completa, presentamos este nuevo cat\u00e1logo de productos consecuencia de una labor de <\/strong><strong>m\u00e1s de cuarenta a\u00f1os.<\/strong><\/h4>\n<h4><\/h4>\n<p>&nbsp;<\/p>\n<h4 style=\"text-align: center;\"><strong>Esa dilatada experiencia nos permite responder a las exigencias de\u00a0 nuestros clientes, dar soluci\u00f3n a problemas presentados en diferentes \u00e1mbitos siempre atendiendo a los \u00faltimos avances t\u00e9cnicos, a las\u00a0 diferentes normativas y a nuestras propias exigencias de m\u00e1xima calidad.<\/strong><\/h4>\n<p>[\/vc_column_text][vc_empty_space image_repeat=&#8221;no-repeat&#8221;][\/vc_column][\/vc_row][vc_row row_type=&#8221;row&#8221; use_row_as_full_screen_section=&#8221;no&#8221; type=&#8221;grid&#8221; text_align=&#8221;center&#8221; background_color=&#8221;#ffffff&#8221; css_animation=&#8221;&#8221; box_shadow_on_row=&#8221;no&#8221;][vc_column][vc_empty_space image_repeat=&#8221;no-repeat&#8221;][vc_column_text]<\/p>\n<h3 style=\"text-align: left;\">ALIMENTARIA<\/h3>\n<p>[\/vc_column_text][vc_empty_space height=&#8221;50px&#8221; image_repeat=&#8221;no-repeat&#8221;][vc_empty_space height=&#8221;50px&#8221; image_repeat=&#8221;no-repeat&#8221;][vc_row_inner row_type=&#8221;row&#8221; type=&#8221;grid&#8221; use_row_as_full_screen_section_slide=&#8221;no&#8221; text_align=&#8221;center&#8221; css_animation=&#8221;&#8221; box_shadow_on_row=&#8221;no&#8221;][vc_column_inner][vc_column_text]<\/p>\n<table width=\"696\">\n<tbody>\n<tr>\n<td width=\"273\">\n<h4><a href=\"https:\/\/www.rinaldi.es\/index.php\/acrylas\/\"><strong>ACRYLAS<\/strong><\/a><\/h4>\n<\/td>\n<td width=\"423\">\n<h4><strong>Recubrimiento el\u00e1stico acr\u00edlico para impermeabilizaci\u00f3n de c\u00e1maras frigor\u00edficas<\/strong><\/h4>\n<h4><strong>Colores: Blanco, Negro, Gris, Rojo,<\/strong><\/h4>\n<\/td>\n<\/tr>\n<tr>\n<td width=\"273\">\n<h4><a href=\"https:\/\/www.rinaldi.es\/index.php\/aliclor-complet-2\/\"><strong>ALICLOR COMPLET<\/strong><\/a><\/h4>\n<\/td>\n<td width=\"423\">\n<h4><strong>Detergente l\u00edquido clorado fungicida y bactericida. CERTIFICADO HA<\/strong><\/h4>\n<\/td>\n<\/tr>\n<tr>\n<td width=\"273\">\n<h4><a href=\"https:\/\/www.rinaldi.es\/index.php\/aligras2\/\"><strong>ALIGRAS<\/strong><\/a><\/h4>\n<\/td>\n<td width=\"423\">\n<h4><strong>Grasa atoxica sint\u00e9tica con\u00a0 PTFE Consistencia NLGI 2, recomendada en industria alimentaria<\/strong><\/h4>\n<\/td>\n<\/tr>\n<tr>\n<td width=\"273\">\n<h4><a href=\"https:\/\/www.rinaldi.es\/index.php\/aligras-spray2\/\"><strong>ALIGRAS SPRAY<\/strong><\/a><\/h4>\n<\/td>\n<td width=\"423\">\n<h4><strong>Grasa atoxica\u00a0 con\u00a0 PTFE en aerosol de 400 c.c. recomendada en industria alimentaria<\/strong><\/h4>\n<\/td>\n<\/tr>\n<tr>\n<td width=\"273\">\n<h4><a href=\"https:\/\/www.rinaldi.es\/index.php\/aliquat-n2\/\"><strong>ALIQUAT N<\/strong><\/a><\/h4>\n<\/td>\n<td width=\"423\">\n<h4><strong>Detergente l\u00edquido fungicida y bactericida. Certificado HA<\/strong><\/h4>\n<\/td>\n<\/tr>\n<tr>\n<td width=\"273\">\n<h4><a href=\"https:\/\/www.rinaldi.es\/index.php\/baclim2\/\"><strong>BACLIM<\/strong><\/a><\/h4>\n<\/td>\n<td width=\"423\">\n<h4><strong>Detergente higienizante para el lavado de melazas, palots, maquinaria, suelos<\/strong><\/h4>\n<\/td>\n<\/tr>\n<tr>\n<td width=\"273\">\n<h4><a href=\"https:\/\/www.rinaldi.es\/index.php\/bacter-klean\/\"><strong>BACTER-KLEAN<\/strong><\/a><\/h4>\n<\/td>\n<td width=\"423\">\n<h4><strong>Desinfectante-detergente. Certificado HA<\/strong><\/h4>\n<\/td>\n<\/tr>\n<tr>\n<td width=\"273\">\n<h4><a href=\"https:\/\/www.rinaldi.es\/index.php\/calimp3\/\"><strong>CALIMP<\/strong><\/a><\/h4>\n<\/td>\n<td width=\"423\">\n<h4><strong>Desengrasante concentrado soluble en agua, sin espuma, ideal para la limpieza y saneamiento de cajas de pl\u00e1stico de fruta, suelos y todo tipo de superficies<\/strong><\/h4>\n<\/td>\n<\/tr>\n<tr>\n<td width=\"273\">\n<h4><a href=\"https:\/\/www.rinaldi.es\/index.php\/cartolim-g2\/\"><strong>CARTOLIM-G<\/strong><\/a><\/h4>\n<\/td>\n<td width=\"423\">\n<h4><strong>Detergente especial para la eliminaci\u00f3n de grasas animales, recomendado para la limpieza en industria alimentaria<\/strong><\/h4>\n<\/td>\n<\/tr>\n<tr>\n<td width=\"273\">\n<h4><a href=\"https:\/\/www.rinaldi.es\/index.php\/enzisep2\/\"><strong>ENZISEP<\/strong><\/a><\/h4>\n<\/td>\n<td width=\"423\">\n<h4><strong>Desodorizante enzim\u00e1tico<\/strong><\/h4>\n<\/td>\n<\/tr>\n<tr>\n<td width=\"273\">\n<h4><a href=\"https:\/\/www.rinaldi.es\/index.php\/espumcor-al2\/\"><strong>ESPUMCOR-AL<\/strong><\/a><\/h4>\n<\/td>\n<td width=\"423\">\n<h4><strong>Antiespumante de uso alimentario<\/strong><\/h4>\n<\/td>\n<\/tr>\n<tr>\n<td width=\"273\">\n<h4><a href=\"https:\/\/www.rinaldi.es\/index.php\/lubrial-spray\/\"><strong>LUBRIAL-SPRAY<\/strong><\/a><\/h4>\n<\/td>\n<td width=\"423\">\n<h4><strong>Lubricante atoxico en aerosol de 400 c.c. recomendado en industria alimentaria<\/strong><\/h4>\n<\/td>\n<\/tr>\n<tr>\n<td width=\"273\">\n<h4><a href=\"https:\/\/www.rinaldi.es\/index.php\/vapormat-g2\/\"><strong>VAPORMAT-G<\/strong><\/a><\/h4>\n<\/td>\n<td width=\"423\">\n<h4><strong>Desengrasante ideal para la industria conservera, recomendado para la limpieza en industria alimentaria<\/strong><\/h4>\n<\/td>\n<\/tr>\n<tr>\n<td width=\"273\">\n<h4><a href=\"https:\/\/www.rinaldi.es\/index.php\/winet-262\/\"><strong>WINET-26<\/strong><\/a><\/h4>\n<\/td>\n<td width=\"423\">\n<h4><strong>Desengrasante alimentario super-en\u00e9rgico especial bodegas, recomendado para la limpieza en industria alimentaria<\/strong><\/h4>\n<\/td>\n<\/tr>\n<\/tbody>\n<\/table>\n<p>[\/vc_column_text][\/vc_column_inner][\/vc_row_inner][vc_empty_space image_repeat=&#8221;no-repeat&#8221;][vc_row_inner row_type=&#8221;row&#8221; type=&#8221;full_width&#8221; use_row_as_full_screen_section_slide=&#8221;no&#8221; text_align=&#8221;left&#8221; css_animation=&#8221;&#8221; box_shadow_on_row=&#8221;no&#8221;][vc_column_inner width=&#8221;1\/2&#8243;]<a href=\"https:\/\/www.rinaldi.es\/index.php\/catalogo-de-productos\/\" target=\"_self\"  class=\"qbutton  icon_right\" style=\"\">VOLVER A &gt;&gt; CAT\u00c1LOGO DE PRODUCTOS<\/a>[vc_empty_space image_repeat=&#8221;no-repeat&#8221;][\/vc_column_inner][vc_column_inner width=&#8221;1\/2&#8243;][\/vc_column_inner][\/vc_row_inner][\/vc_column][\/vc_row][vc_row row_type=&#8221;row&#8221; use_row_as_full_screen_section=&#8221;no&#8221; type=&#8221;full_width&#8221; text_align=&#8221;left&#8221; css_animation=&#8221;&#8221; box_shadow_on_row=&#8221;no&#8221;][vc_column][\/vc_column][\/vc_row][vc_row row_type=&#8221;row&#8221; use_row_as_full_screen_section=&#8221;no&#8221; type=&#8221;full_width&#8221; text_align=&#8221;left&#8221; css_animation=&#8221;&#8221; box_shadow_on_row=&#8221;no&#8221;][vc_column][\/vc_column][\/vc_row]<\/p>\n","protected":false},"excerpt":{"rendered":"<p>[vc_row row_type=&#8221;row&#8221; use_row_as_full_screen_section=&#8221;no&#8221; type=&#8221;grid&#8221; text_align=&#8221;left&#8221; css_animation=&#8221;&#8221; box_shadow_on_row=&#8221;no&#8221;][vc_column][vc_empty_space image_repeat=&#8221;no-repeat&#8221;][vc_column_text css=&#8221;.vc_custom_1545329962260{border-bottom-width: 32px !important;}&#8221;] Con el objetivo de ofrecer una herramienta sencilla, eficaz y completa, presentamos este nuevo cat\u00e1logo de productos consecuencia de una labor de m\u00e1s de cuarenta a\u00f1os. &nbsp; Esa dilatada experiencia nos permite responder a <a class=\"read-more-link\" href=\"https:\/\/www.rinaldi.es\/index.php\/alimentaria-3\/\">M\u00e1s detalles<\/a><\/p>\n","protected":false},"author":1,"featured_media":0,"parent":0,"menu_order":0,"comment_status":"closed","ping_status":"closed","template":"full_width.php","meta":{"_monsterinsights_skip_tracking":false,"_monsterinsights_sitenote_active":false,"_monsterinsights_sitenote_note":"","_monsterinsights_sitenote_category":0,"footnotes":""},"class_list":["post-6389","page","type-page","status-publish","hentry"],"_links":{"self":[{"href":"https:\/\/www.rinaldi.es\/index.php\/wp-json\/wp\/v2\/pages\/6389","targetHints":{"allow":["GET"]}}],"collection":[{"href":"https:\/\/www.rinaldi.es\/index.php\/wp-json\/wp\/v2\/pages"}],"about":[{"href":"https:\/\/www.rinaldi.es\/index.php\/wp-json\/wp\/v2\/types\/page"}],"author":[{"embeddable":true,"href":"https:\/\/www.rinaldi.es\/index.php\/wp-json\/wp\/v2\/users\/1"}],"replies":[{"embeddable":true,"href":"https:\/\/www.rinaldi.es\/index.php\/wp-json\/wp\/v2\/comments?post=6389"}],"version-history":[{"count":11,"href":"https:\/\/www.rinaldi.es\/index.php\/wp-json\/wp\/v2\/pages\/6389\/revisions"}],"predecessor-version":[{"id":7949,"href":"https:\/\/www.rinaldi.es\/index.php\/wp-json\/wp\/v2\/pages\/6389\/revisions\/7949"}],"wp:attachment":[{"href":"https:\/\/www.rinaldi.es\/index.php\/wp-json\/wp\/v2\/media?parent=6389"}],"curies":[{"name":"wp","href":"https:\/\/api.w.org\/{rel}","templated":true}]}}