{"id":6398,"date":"2018-11-19T17:13:11","date_gmt":"2018-11-19T17:13:11","guid":{"rendered":"http:\/\/www.rinaldi.es\/?page_id=6398"},"modified":"2021-12-07T17:24:30","modified_gmt":"2021-12-07T17:24:30","slug":"construccion-3","status":"publish","type":"page","link":"https:\/\/www.rinaldi.es\/index.php\/construccion-3\/","title":{"rendered":"CONSTRUCCI\u00d3N"},"content":{"rendered":"<p>[vc_row row_type=&#8221;row&#8221; use_row_as_full_screen_section=&#8221;no&#8221; type=&#8221;grid&#8221; text_align=&#8221;left&#8221; css_animation=&#8221;&#8221; box_shadow_on_row=&#8221;no&#8221;][vc_column][vc_empty_space image_repeat=&#8221;no-repeat&#8221;][vc_column_text css=&#8221;.vc_custom_1545330898902{border-bottom-width: 32px !important;}&#8221;]<\/p>\n<h4 style=\"text-align: center;\"><strong>Con el objetivo de ofrecer una herramienta sencilla, eficaz y completa, presentamos este nuevo cat\u00e1logo de productos consecuencia de una labor de <\/strong><strong>m\u00e1s de cuarenta a\u00f1os.<\/strong><\/h4>\n<h4><\/h4>\n<p>&nbsp;<\/p>\n<h4 style=\"text-align: center;\"><strong>Esa dilatada experiencia nos permite responder a las exigencias de\u00a0 nuestros clientes, dar soluci\u00f3n a problemas presentados en diferentes \u00e1mbitos siempre atendiendo a los \u00faltimos avances t\u00e9cnicos, a las\u00a0 diferentes normativas y a nuestras propias exigencias de m\u00e1xima calidad.<\/strong><\/h4>\n<p>[\/vc_column_text][vc_empty_space image_repeat=&#8221;no-repeat&#8221;][\/vc_column][\/vc_row][vc_row row_type=&#8221;row&#8221; use_row_as_full_screen_section=&#8221;no&#8221; type=&#8221;grid&#8221; text_align=&#8221;center&#8221; background_color=&#8221;#ffffff&#8221; css_animation=&#8221;&#8221; box_shadow_on_row=&#8221;no&#8221;][vc_column][vc_empty_space image_repeat=&#8221;no-repeat&#8221;][vc_column_text]<\/p>\n<h3 style=\"text-align: left;\">CONSTRUCCI\u00d3N<\/h3>\n<p>[\/vc_column_text][vc_empty_space height=&#8221;50px&#8221; image_repeat=&#8221;no-repeat&#8221;][vc_empty_space height=&#8221;50px&#8221; image_repeat=&#8221;no-repeat&#8221;][vc_row_inner row_type=&#8221;row&#8221; type=&#8221;grid&#8221; use_row_as_full_screen_section_slide=&#8221;no&#8221; text_align=&#8221;center&#8221; css_animation=&#8221;&#8221; box_shadow_on_row=&#8221;no&#8221;][vc_column_inner][vc_column_text]<\/p>\n<table width=\"610\">\n<tbody>\n<tr>\n<td width=\"145\">\n<h4><a href=\"https:\/\/www.rinaldi.es\/index.php\/acrylas2\/\"><strong>ACRYLAS<\/strong><\/a><\/h4>\n<\/td>\n<td width=\"465\">\n<h4><strong>Recubrimiento el\u00e1stico acr\u00edlico para impermeabilizaci\u00f3n de cubiertas<\/strong><\/h4>\n<h4><strong>Colores: Blanco, Negro, Gris, Rojo<\/strong><\/h4>\n<\/td>\n<\/tr>\n<tr>\n<td width=\"145\">\n<h4><a href=\"https:\/\/www.rinaldi.es\/index.php\/asfex2\/\"><strong>ASFEX<\/strong><\/a><\/h4>\n<\/td>\n<td width=\"465\">\n<h4><strong>Disolvente emulsificador de brea, asfalto y grasa<\/strong><\/h4>\n<\/td>\n<\/tr>\n<tr>\n<td width=\"145\">\n<h4><a href=\"https:\/\/www.rinaldi.es\/index.php\/biturin\/\"><strong>BITURIN<\/strong><\/a><\/h4>\n<\/td>\n<td width=\"465\">\n<h4><strong>Pintura bituminosa negra<\/strong><\/h4>\n<\/td>\n<\/tr>\n<tr>\n<td width=\"145\">\n<h4><a href=\"https:\/\/www.rinaldi.es\/index.php\/bredor\/\"><strong>BREDOR<\/strong><\/a><\/h4>\n<\/td>\n<td width=\"465\">\n<h4><strong>Aglomerado asf\u00e1ltico tapabaches en envases de 25 Kg<\/strong><\/h4>\n<\/td>\n<\/tr>\n<tr>\n<td width=\"145\">\n<h4><a href=\"https:\/\/www.rinaldi.es\/index.php\/cartolim3\/\"><strong>CARTOLIM<\/strong><\/a><\/h4>\n<\/td>\n<td width=\"465\">\n<h4><strong>Detergente concentrado para la limpieza de veh\u00edculos de obra<\/strong><\/h4>\n<\/td>\n<\/tr>\n<tr>\n<td width=\"145\">\n<h4><a href=\"https:\/\/www.rinaldi.es\/index.php\/crusti2\/\"><strong>CRUSTI<\/strong><\/a><\/h4>\n<\/td>\n<td width=\"465\">\n<h4><strong>Desincrustante \u00e1cido para cemento, superconcentrado<\/strong><\/h4>\n<\/td>\n<\/tr>\n<tr>\n<td width=\"145\">\n<h4><a href=\"https:\/\/www.rinaldi.es\/index.php\/dessol2\/\"><strong>DESSOL<\/strong><\/a><\/h4>\n<\/td>\n<td width=\"465\">\n<h4><strong>Desencofrante de hormig\u00f3n soluble en agua<\/strong><\/h4>\n<\/td>\n<\/tr>\n<tr>\n<td width=\"145\">\n<h4><a href=\"https:\/\/www.rinaldi.es\/index.php\/elicem2\/\"><strong>ELICEM<\/strong><\/a><\/h4>\n<\/td>\n<td width=\"465\">\n<h4><strong>Limpiador qu\u00edmico para residuos de cemento<\/strong><\/h4>\n<\/td>\n<\/tr>\n<tr>\n<td width=\"145\">\n<h4><a href=\"https:\/\/www.rinaldi.es\/index.php\/elicrus2\/\"><strong>ELICRUS<\/strong><\/a><\/h4>\n<\/td>\n<td width=\"465\">\n<h4><strong>Limpiador qu\u00edmico para piscinas, alba\u00f1iler\u00eda y embaldosado<\/strong><\/h4>\n<\/td>\n<\/tr>\n<tr>\n<td width=\"145\">\n<h4><a href=\"https:\/\/www.rinaldi.es\/index.php\/elioxid3\/\"><strong>ELIOXID<\/strong><\/a><\/h4>\n<\/td>\n<td width=\"465\">\n<h4><strong>L\u00edquido desoxidante para superficies de hierro fuertemente atacadas<\/strong><\/h4>\n<\/td>\n<\/tr>\n<tr>\n<td width=\"145\">\n<h4><a href=\"https:\/\/www.rinaldi.es\/index.php\/flonte3\/\"><strong>FLONTE<\/strong><\/a><\/h4>\n<\/td>\n<td width=\"465\">\n<h4><strong>Aflojatodo-lubricante en aerosoles de 400 c.c.<\/strong><\/h4>\n<\/td>\n<\/tr>\n<tr>\n<td width=\"145\">\n<h4><a href=\"https:\/\/www.rinaldi.es\/index.php\/fross\/\"><strong>FROSS<\/strong><\/a><\/h4>\n<\/td>\n<td width=\"465\">\n<h4><strong>Anticongelante para mortero y hormig\u00f3n<\/strong><\/h4>\n<\/td>\n<\/tr>\n<tr>\n<td width=\"145\">\n<h4><a href=\"https:\/\/www.rinaldi.es\/index.php\/glas-sin3\/\"><strong>GLAS-SIN<\/strong><\/a><\/h4>\n<\/td>\n<td width=\"465\">\n<h4><strong>Anticongelante de uso directo formulado para &#8211; 20\u00baC<\/strong><\/h4>\n<\/td>\n<\/tr>\n<tr>\n<td width=\"145\">\n<h4><a href=\"https:\/\/www.rinaldi.es\/index.php\/glas-sol3\/\"><strong>GLAS-SOL<\/strong><\/a><\/h4>\n<\/td>\n<td width=\"465\">\n<h4><strong>Anticongelante puro<\/strong><\/h4>\n<\/td>\n<\/tr>\n<tr>\n<td width=\"145\">\n<h4><a href=\"https:\/\/www.rinaldi.es\/index.php\/graden3\/\"><strong>GRADEN<\/strong><\/a><\/h4>\n<\/td>\n<td width=\"465\">\n<h4><strong>Lubricante de cadenas transparente con tefl\u00f3n en aerosol de 400 c.c.<\/strong><\/h4>\n<\/td>\n<\/tr>\n<tr>\n<td width=\"145\">\n<h4><a href=\"https:\/\/www.rinaldi.es\/index.php\/graman4\/\"><strong>GRAMAN<\/strong><\/a><\/h4>\n<\/td>\n<td width=\"465\">\n<h4><strong>Pasta lavamanos con micropart\u00edculas de alto poder desengrasante, biodegradable<\/strong><\/h4>\n<\/td>\n<\/tr>\n<tr>\n<td width=\"145\">\n<h4><a href=\"https:\/\/www.rinaldi.es\/index.php\/hidraurin2\/\"><strong>HIDRAURIN<\/strong><\/a><\/h4>\n<\/td>\n<td width=\"465\">\n<h4><strong>Aceite hidr\u00e1ulico de uso general<\/strong><\/h4>\n<\/td>\n<\/tr>\n<tr>\n<td width=\"145\">\n<h4><a href=\"https:\/\/www.rinaldi.es\/index.php\/hidrin\/\"><strong>HIDRIN<\/strong><\/a><\/h4>\n<\/td>\n<td width=\"465\">\n<h4><strong>Hidrofugante para mortero y hormig\u00f3n<\/strong><\/h4>\n<\/td>\n<\/tr>\n<tr>\n<td width=\"145\">\n<h4><a href=\"https:\/\/www.rinaldi.es\/index.php\/horil\/\"><strong>HORIL<\/strong><\/a><\/h4>\n<\/td>\n<td width=\"465\">\n<h4><strong>Fluido puente de uni\u00f3n adhesivo para hormigones y morteros<\/strong><\/h4>\n<\/td>\n<\/tr>\n<tr>\n<td width=\"145\">\n<h4><a href=\"https:\/\/www.rinaldi.es\/index.php\/horplas\/\"><strong>HORPLAS<\/strong><\/a><\/h4>\n<\/td>\n<td width=\"465\">\n<h4><strong>Plastificante aireante para mortero<\/strong><\/h4>\n<\/td>\n<\/tr>\n<tr>\n<td width=\"145\">\n<h4><a href=\"https:\/\/www.rinaldi.es\/index.php\/horte\/\"><strong>HORTE<\/strong><\/a><\/h4>\n<\/td>\n<td width=\"465\">\n<h4><strong>Acelerante de fraguado para morteros y hormig\u00f3n<\/strong><\/h4>\n<\/td>\n<\/tr>\n<tr>\n<td width=\"145\">\n<h4><a href=\"https:\/\/www.rinaldi.es\/index.php\/imperpol\/\"><strong>IMPERPOL<\/strong><\/a><\/h4>\n<\/td>\n<td width=\"465\">\n<h4><strong>Poliuretano monocomponente<\/strong><\/h4>\n<\/td>\n<\/tr>\n<tr>\n<td width=\"145\">\n<h4><a href=\"https:\/\/www.rinaldi.es\/index.php\/impro\/\"><strong>IMPRO<\/strong><\/a><\/h4>\n<\/td>\n<td width=\"465\">\n<h4><strong>L\u00edquido incoloro, ideal para la impermeabilizaci\u00f3n de todo tipo de fachadas. Totalmente transparente<\/strong><\/h4>\n<\/td>\n<\/tr>\n<tr>\n<td width=\"145\">\n<h4><a href=\"https:\/\/www.rinaldi.es\/index.php\/licar3\/\"><strong>LICAR<\/strong><\/a><\/h4>\n<\/td>\n<td width=\"465\">\n<h4><strong>Grasa l\u00edtica en cartuchos de 400 Gr. y consistencia NLGI 2<\/strong><\/h4>\n<\/td>\n<\/tr>\n<tr>\n<td width=\"145\">\n<h4><a href=\"https:\/\/www.rinaldi.es\/index.php\/limman3\/\"><strong>LIMMAN<\/strong><\/a><\/h4>\n<\/td>\n<td width=\"465\">\n<h4><strong>Gel lavamanos azul enriquecido con lanolina<\/strong><\/h4>\n<\/td>\n<\/tr>\n<tr>\n<td width=\"145\">\n<h4><a href=\"https:\/\/www.rinaldi.es\/index.php\/loosen2\/\"><strong>LOOSEN<\/strong><\/a><\/h4>\n<\/td>\n<td width=\"465\">\n<h4><strong>Aflojatodo-lubricante a granel<\/strong><\/h4>\n<\/td>\n<\/tr>\n<tr>\n<td width=\"145\">\n<h4><a href=\"https:\/\/www.rinaldi.es\/index.php\/maquinet-2\/\"><strong>MAQUINET<\/strong><\/a><\/h4>\n<\/td>\n<td width=\"465\">\n<h4><strong>S\u00faper-desengrasante para maquinaria<\/strong><\/h4>\n<\/td>\n<\/tr>\n<tr>\n<td width=\"145\">\n<h4><a href=\"https:\/\/www.rinaldi.es\/index.php\/morter\/\"><strong>MORTER<\/strong><\/a><\/h4>\n<\/td>\n<td width=\"465\">\n<h4><strong>Producto cementoso para juntas de azulejos de color blanco<\/strong><\/h4>\n<\/td>\n<\/tr>\n<tr>\n<td width=\"145\">\n<h4><a href=\"https:\/\/www.rinaldi.es\/index.php\/multi-trac-3\/\"><strong>MULTI-TRAC<\/strong><\/a><\/h4>\n<\/td>\n<td width=\"465\">\n<h4><strong>Detergente\/Desengrasante de veh\u00edculos<\/strong><\/h4>\n<\/td>\n<\/tr>\n<tr>\n<td width=\"145\">\n<h4><a href=\"https:\/\/www.rinaldi.es\/index.php\/multigras-ep-002\/\"><strong>MULTIGRAS EP00<\/strong><\/a><\/h4>\n<\/td>\n<td width=\"465\">\n<h4><strong>Grasa multiservicio para engrases centralizados con aditivos EP y consistencia NLGI 00<\/strong><\/h4>\n<\/td>\n<\/tr>\n<tr>\n<td width=\"145\">\n<h4><a href=\"https:\/\/www.rinaldi.es\/index.php\/nitar2\/\"><strong>NITAR<\/strong><\/a><\/h4>\n<\/td>\n<td width=\"465\">\n<h4><strong>Desatascador de ca\u00f1er\u00edas de uso profesional<\/strong><\/h4>\n<\/td>\n<\/tr>\n<tr>\n<td width=\"145\">\n<h4><a href=\"https:\/\/www.rinaldi.es\/index.php\/protor2\/\"><strong>PROTOR<\/strong><\/a><\/h4>\n<\/td>\n<td width=\"465\">\n<h4><strong>L\u00edquido desencofrante para moldes met\u00e1licos<\/strong><\/h4>\n<\/td>\n<\/tr>\n<tr>\n<td width=\"145\">\n<h4><a href=\"https:\/\/www.rinaldi.es\/index.php\/rigras2\/\"><strong>RIGRAS<\/strong><\/a><\/h4>\n<\/td>\n<td width=\"465\">\n<h4><strong>Grasa c\u00e1lcica de color verde y consistencia NLGI 3<\/strong><\/h4>\n<\/td>\n<\/tr>\n<tr>\n<td width=\"145\">\n<h4><a href=\"https:\/\/www.rinaldi.es\/index.php\/rinamix2\/\"><strong>RINAMIX<\/strong><\/a><\/h4>\n<\/td>\n<td width=\"465\">\n<h4><strong>Lubricante para engranajes de uso general<\/strong><\/h4>\n<\/td>\n<\/tr>\n<tr>\n<td width=\"145\">\n<h4><a href=\"https:\/\/www.rinaldi.es\/index.php\/rinlite2\/\"><strong>RINLITE<\/strong><\/a><\/h4>\n<\/td>\n<td width=\"465\">\n<h4><strong>Grasa con base de litio de color ambar y consistencia NLGI 2<\/strong><\/h4>\n<\/td>\n<\/tr>\n<tr>\n<td width=\"145\">\n<h4><a href=\"https:\/\/www.rinaldi.es\/index.php\/rinmol2\/\"><strong>RINMOL<\/strong><\/a><\/h4>\n<\/td>\n<td width=\"465\">\n<h4><strong>Grasa de litio con bisulfuro de molibdeno de consistencia NLGI 2<\/strong><\/h4>\n<\/td>\n<\/tr>\n<tr>\n<td width=\"145\">\n<h4><a href=\"https:\/\/www.rinaldi.es\/index.php\/supermot3\/\"><strong>SUPERMOT<\/strong><\/a><\/h4>\n<\/td>\n<td width=\"465\">\n<h4><strong>Petroleador desengrasante de motores de gran potencia<\/strong><\/h4>\n<\/td>\n<\/tr>\n<tr>\n<td width=\"145\">\n<h4><a href=\"https:\/\/www.rinaldi.es\/index.php\/vapormat4\/\"><strong>VAPORMAT<\/strong><\/a><\/h4>\n<\/td>\n<td width=\"465\">\n<h4><strong>Petroleador de motores soluble en agua<\/strong><\/h4>\n<\/td>\n<\/tr>\n<tr>\n<td width=\"145\">\n<h4><a href=\"https:\/\/www.rinaldi.es\/index.php\/venclar2\/\"><strong>VENCLAR<\/strong><\/a><\/h4>\n<\/td>\n<td width=\"465\">\n<h4><strong>Limpiacristales y cromados<\/strong><\/h4>\n<\/td>\n<\/tr>\n<\/tbody>\n<\/table>\n<p>[\/vc_column_text][\/vc_column_inner][\/vc_row_inner][vc_empty_space image_repeat=&#8221;no-repeat&#8221;][vc_row_inner row_type=&#8221;row&#8221; type=&#8221;full_width&#8221; use_row_as_full_screen_section_slide=&#8221;no&#8221; text_align=&#8221;left&#8221; css_animation=&#8221;&#8221; box_shadow_on_row=&#8221;no&#8221;][vc_column_inner width=&#8221;1\/2&#8243;]<a href=\"https:\/\/www.rinaldi.es\/index.php\/catalogo-de-productos\/\" target=\"_self\"  class=\"qbutton  icon_right\" style=\"\">VOLVER A &gt;&gt; CAT\u00c1LOGO DE PRODUCTOS<\/a>[vc_empty_space image_repeat=&#8221;no-repeat&#8221;][\/vc_column_inner][vc_column_inner width=&#8221;1\/2&#8243;][\/vc_column_inner][\/vc_row_inner][\/vc_column][\/vc_row][vc_row row_type=&#8221;row&#8221; use_row_as_full_screen_section=&#8221;no&#8221; type=&#8221;full_width&#8221; text_align=&#8221;left&#8221; css_animation=&#8221;&#8221; box_shadow_on_row=&#8221;no&#8221;][vc_column][\/vc_column][\/vc_row][vc_row row_type=&#8221;row&#8221; use_row_as_full_screen_section=&#8221;no&#8221; type=&#8221;full_width&#8221; text_align=&#8221;left&#8221; css_animation=&#8221;&#8221; box_shadow_on_row=&#8221;no&#8221;][vc_column][\/vc_column][\/vc_row]<\/p>\n","protected":false},"excerpt":{"rendered":"<p>[vc_row row_type=&#8221;row&#8221; use_row_as_full_screen_section=&#8221;no&#8221; type=&#8221;grid&#8221; text_align=&#8221;left&#8221; css_animation=&#8221;&#8221; box_shadow_on_row=&#8221;no&#8221;][vc_column][vc_empty_space image_repeat=&#8221;no-repeat&#8221;][vc_column_text css=&#8221;.vc_custom_1545330898902{border-bottom-width: 32px !important;}&#8221;] Con el objetivo de ofrecer una herramienta sencilla, eficaz y completa, presentamos este nuevo cat\u00e1logo de productos consecuencia de una labor de m\u00e1s de cuarenta a\u00f1os. &nbsp; Esa dilatada experiencia nos permite responder a <a class=\"read-more-link\" href=\"https:\/\/www.rinaldi.es\/index.php\/construccion-3\/\">M\u00e1s detalles<\/a><\/p>\n","protected":false},"author":1,"featured_media":0,"parent":0,"menu_order":0,"comment_status":"closed","ping_status":"closed","template":"full_width.php","meta":{"_monsterinsights_skip_tracking":false,"_monsterinsights_sitenote_active":false,"_monsterinsights_sitenote_note":"","_monsterinsights_sitenote_category":0,"footnotes":""},"class_list":["post-6398","page","type-page","status-publish","hentry"],"_links":{"self":[{"href":"https:\/\/www.rinaldi.es\/index.php\/wp-json\/wp\/v2\/pages\/6398","targetHints":{"allow":["GET"]}}],"collection":[{"href":"https:\/\/www.rinaldi.es\/index.php\/wp-json\/wp\/v2\/pages"}],"about":[{"href":"https:\/\/www.rinaldi.es\/index.php\/wp-json\/wp\/v2\/types\/page"}],"author":[{"embeddable":true,"href":"https:\/\/www.rinaldi.es\/index.php\/wp-json\/wp\/v2\/users\/1"}],"replies":[{"embeddable":true,"href":"https:\/\/www.rinaldi.es\/index.php\/wp-json\/wp\/v2\/comments?post=6398"}],"version-history":[{"count":14,"href":"https:\/\/www.rinaldi.es\/index.php\/wp-json\/wp\/v2\/pages\/6398\/revisions"}],"predecessor-version":[{"id":8033,"href":"https:\/\/www.rinaldi.es\/index.php\/wp-json\/wp\/v2\/pages\/6398\/revisions\/8033"}],"wp:attachment":[{"href":"https:\/\/www.rinaldi.es\/index.php\/wp-json\/wp\/v2\/media?parent=6398"}],"curies":[{"name":"wp","href":"https:\/\/api.w.org\/{rel}","templated":true}]}}