{"id":6401,"date":"2018-11-19T17:14:29","date_gmt":"2018-11-19T17:14:29","guid":{"rendered":"http:\/\/www.rinaldi.es\/?page_id=6401"},"modified":"2018-12-20T18:11:46","modified_gmt":"2018-12-20T18:11:46","slug":"mantenimiento","status":"publish","type":"page","link":"https:\/\/www.rinaldi.es\/index.php\/mantenimiento\/","title":{"rendered":"MANTENIMIENTO"},"content":{"rendered":"<p>[vc_row row_type=&#8221;row&#8221; use_row_as_full_screen_section=&#8221;no&#8221; type=&#8221;grid&#8221; text_align=&#8221;left&#8221; css_animation=&#8221;&#8221; box_shadow_on_row=&#8221;no&#8221;][vc_column][vc_empty_space image_repeat=&#8221;no-repeat&#8221;][vc_column_text css=&#8221;.vc_custom_1545241068101{border-bottom-width: 32px !important;}&#8221;]<\/p>\n<h4 style=\"text-align: center;\"><strong>Con el objetivo de ofrecer una herramienta sencilla, eficaz y completa, presentamos este nuevo cat\u00e1logo de productos consecuencia de una labor de <\/strong><strong>m\u00e1s de cuarenta a\u00f1os.<\/strong><\/h4>\n<h4><\/h4>\n<p>&nbsp;<\/p>\n<h4 style=\"text-align: center;\"><strong>Esa dilatada experiencia nos permite responder a las exigencias de\u00a0 nuestros clientes, dar soluci\u00f3n a problemas presentados en diferentes \u00e1mbitos siempre atendiendo a los \u00faltimos avances t\u00e9cnicos, a las\u00a0 diferentes normativas y a nuestras propias exigencias de m\u00e1xima calidad.<\/strong><\/h4>\n<p>[\/vc_column_text][vc_empty_space image_repeat=&#8221;no-repeat&#8221;][\/vc_column][\/vc_row][vc_row row_type=&#8221;row&#8221; use_row_as_full_screen_section=&#8221;no&#8221; type=&#8221;grid&#8221; text_align=&#8221;center&#8221; background_color=&#8221;#ffffff&#8221; css_animation=&#8221;&#8221; box_shadow_on_row=&#8221;no&#8221;][vc_column][vc_empty_space image_repeat=&#8221;no-repeat&#8221;][vc_column_text]<\/p>\n<h3 style=\"text-align: left;\">MANTENIMIENTO<\/h3>\n<p>[\/vc_column_text][vc_empty_space height=&#8221;50px&#8221; image_repeat=&#8221;no-repeat&#8221;][vc_row_inner row_type=&#8221;row&#8221; type=&#8221;grid&#8221; use_row_as_full_screen_section_slide=&#8221;no&#8221; text_align=&#8221;center&#8221; css_animation=&#8221;&#8221; box_shadow_on_row=&#8221;no&#8221;][vc_column_inner width=&#8221;1\/2&#8243;][vc_empty_space image_repeat=&#8221;no-repeat&#8221;][vc_hoverbox image=&#8221;7839&#8243; primary_title=&#8221;&#8221; hover_title=&#8221;JABONES DE MANOS&#8221; hover_background_color=&#8221;white&#8221;]<\/p>\n<h2 style=\"text-align: center;\"><a href=\"https:\/\/www.rinaldi.es\/index.php\/jabones-de-manos\/\">GAMA DE PRODUCTOS<\/a><\/h2>\n<p>[\/vc_hoverbox][vc_empty_space image_repeat=&#8221;no-repeat&#8221;][vc_hoverbox image=&#8221;7841&#8243; primary_title=&#8221;&#8221; hover_title=&#8221;DESENGRASANTES BASE SOLVENTE&#8221; hover_background_color=&#8221;white&#8221;]<\/p>\n<h2 style=\"text-align: center;\"><a href=\"https:\/\/www.rinaldi.es\/index.php\/desengrasantes-base-solvente\/\">GAMA DE PRODUCTOS<\/a><\/h2>\n<p>[\/vc_hoverbox][vc_empty_space image_repeat=&#8221;no-repeat&#8221;][vc_hoverbox image=&#8221;7843&#8243; primary_title=&#8221;&#8221; hover_title=&#8221;CONSERVANTES&#8221; hover_background_color=&#8221;white&#8221;]<\/p>\n<h2 style=\"text-align: center;\"><a href=\"https:\/\/www.rinaldi.es\/index.php\/conservantes\/\">GAMA DE PRODUCTOS<\/a><\/h2>\n<p>[\/vc_hoverbox][vc_empty_space image_repeat=&#8221;no-repeat&#8221;][\/vc_column_inner][vc_column_inner width=&#8221;1\/2&#8243;][vc_empty_space image_repeat=&#8221;no-repeat&#8221;][vc_hoverbox image=&#8221;7840&#8243; primary_title=&#8221;&#8221; hover_title=&#8221;DESENGRASANTES ALCALINOS&#8221; hover_background_color=&#8221;white&#8221;]<\/p>\n<h2 style=\"text-align: center;\"><a href=\"https:\/\/www.rinaldi.es\/index.php\/desengrasantes-alcalinos\/\">GAMA DE PRODUCTOS<\/a><\/h2>\n<p>[\/vc_hoverbox][vc_empty_space image_repeat=&#8221;no-repeat&#8221;][vc_hoverbox image=&#8221;7842&#8243; primary_title=&#8221;&#8221; hover_title=&#8221;DESINCRUSTANTES Y DESOXIDANTES&#8221; hover_background_color=&#8221;white&#8221;]<\/p>\n<h2 style=\"text-align: center;\"><a href=\"https:\/\/www.rinaldi.es\/index.php\/desincrustantes-y-desoxidantes\/\">GAMA DE PRODUCTOS<\/a><\/h2>\n<p>[\/vc_hoverbox][vc_empty_space image_repeat=&#8221;no-repeat&#8221;][vc_hoverbox image=&#8221;7844&#8243; primary_title=&#8221;&#8221; hover_title=&#8221;LIMPIEZA ENZIM\u00c1TICA&#8221; hover_background_color=&#8221;white&#8221;]<\/p>\n<h2 style=\"text-align: center;\"><a href=\"https:\/\/www.rinaldi.es\/index.php\/limpieza-enzimatica\/\">GAMA DE PRODUCTOS<\/a><\/h2>\n<p>[\/vc_hoverbox][vc_empty_space image_repeat=&#8221;no-repeat&#8221;][\/vc_column_inner][\/vc_row_inner][vc_empty_space image_repeat=&#8221;no-repeat&#8221;][vc_row_inner row_type=&#8221;row&#8221; type=&#8221;full_width&#8221; use_row_as_full_screen_section_slide=&#8221;no&#8221; text_align=&#8221;left&#8221; css_animation=&#8221;&#8221; box_shadow_on_row=&#8221;no&#8221;][vc_column_inner width=&#8221;1\/2&#8243;]<a href=\"https:\/\/www.rinaldi.es\/index.php\/catalogo-de-productos\/\" target=\"_self\"  class=\"qbutton  icon_right\" style=\"\">VOLVER A &gt;&gt; CAT\u00c1LOGO DE PRODUCTOS<\/a>[vc_empty_space image_repeat=&#8221;no-repeat&#8221;][\/vc_column_inner][vc_column_inner width=&#8221;1\/2&#8243;][\/vc_column_inner][\/vc_row_inner][\/vc_column][\/vc_row][vc_row row_type=&#8221;row&#8221; use_row_as_full_screen_section=&#8221;no&#8221; type=&#8221;full_width&#8221; text_align=&#8221;left&#8221; css_animation=&#8221;&#8221; box_shadow_on_row=&#8221;no&#8221;][vc_column][\/vc_column][\/vc_row][vc_row row_type=&#8221;row&#8221; use_row_as_full_screen_section=&#8221;no&#8221; type=&#8221;full_width&#8221; text_align=&#8221;left&#8221; css_animation=&#8221;&#8221; box_shadow_on_row=&#8221;no&#8221;][vc_column][\/vc_column][\/vc_row]<\/p>\n","protected":false},"excerpt":{"rendered":"<p>[vc_row row_type=&#8221;row&#8221; use_row_as_full_screen_section=&#8221;no&#8221; type=&#8221;grid&#8221; text_align=&#8221;left&#8221; css_animation=&#8221;&#8221; box_shadow_on_row=&#8221;no&#8221;][vc_column][vc_empty_space image_repeat=&#8221;no-repeat&#8221;][vc_column_text css=&#8221;.vc_custom_1545241068101{border-bottom-width: 32px !important;}&#8221;] Con el objetivo de ofrecer una herramienta sencilla, eficaz y completa, presentamos este nuevo cat\u00e1logo de productos consecuencia de una labor de m\u00e1s de cuarenta a\u00f1os. &nbsp; Esa dilatada experiencia nos permite responder a <a class=\"read-more-link\" href=\"https:\/\/www.rinaldi.es\/index.php\/mantenimiento\/\">M\u00e1s detalles<\/a><\/p>\n","protected":false},"author":1,"featured_media":0,"parent":0,"menu_order":0,"comment_status":"closed","ping_status":"closed","template":"full_width.php","meta":{"_monsterinsights_skip_tracking":false,"_monsterinsights_sitenote_active":false,"_monsterinsights_sitenote_note":"","_monsterinsights_sitenote_category":0,"footnotes":""},"class_list":["post-6401","page","type-page","status-publish","hentry"],"_links":{"self":[{"href":"https:\/\/www.rinaldi.es\/index.php\/wp-json\/wp\/v2\/pages\/6401","targetHints":{"allow":["GET"]}}],"collection":[{"href":"https:\/\/www.rinaldi.es\/index.php\/wp-json\/wp\/v2\/pages"}],"about":[{"href":"https:\/\/www.rinaldi.es\/index.php\/wp-json\/wp\/v2\/types\/page"}],"author":[{"embeddable":true,"href":"https:\/\/www.rinaldi.es\/index.php\/wp-json\/wp\/v2\/users\/1"}],"replies":[{"embeddable":true,"href":"https:\/\/www.rinaldi.es\/index.php\/wp-json\/wp\/v2\/comments?post=6401"}],"version-history":[{"count":21,"href":"https:\/\/www.rinaldi.es\/index.php\/wp-json\/wp\/v2\/pages\/6401\/revisions"}],"predecessor-version":[{"id":7845,"href":"https:\/\/www.rinaldi.es\/index.php\/wp-json\/wp\/v2\/pages\/6401\/revisions\/7845"}],"wp:attachment":[{"href":"https:\/\/www.rinaldi.es\/index.php\/wp-json\/wp\/v2\/media?parent=6401"}],"curies":[{"name":"wp","href":"https:\/\/api.w.org\/{rel}","templated":true}]}}