{"id":6404,"date":"2018-11-19T17:15:54","date_gmt":"2018-11-19T17:15:54","guid":{"rendered":"http:\/\/www.rinaldi.es\/?page_id=6404"},"modified":"2018-12-20T18:36:03","modified_gmt":"2018-12-20T18:36:03","slug":"pinturas","status":"publish","type":"page","link":"https:\/\/www.rinaldi.es\/index.php\/pinturas\/","title":{"rendered":"PINTURAS"},"content":{"rendered":"<p>[vc_row row_type=&#8221;row&#8221; use_row_as_full_screen_section=&#8221;no&#8221; type=&#8221;grid&#8221; text_align=&#8221;left&#8221; css_animation=&#8221;&#8221; box_shadow_on_row=&#8221;no&#8221;][vc_column][vc_empty_space image_repeat=&#8221;no-repeat&#8221;][vc_column_text css=&#8221;.vc_custom_1545330962120{border-bottom-width: 32px !important;}&#8221;]<\/p>\n<h4 style=\"text-align: center;\"><strong>Con el objetivo de ofrecer una herramienta sencilla, eficaz y completa, presentamos este nuevo cat\u00e1logo de productos consecuencia de una labor de <\/strong><strong>m\u00e1s de cuarenta a\u00f1os.<\/strong><\/h4>\n<h4><\/h4>\n<p>&nbsp;<\/p>\n<h4 style=\"text-align: center;\"><strong>Esa dilatada experiencia nos permite responder a las exigencias de\u00a0 nuestros clientes, dar soluci\u00f3n a problemas presentados en diferentes \u00e1mbitos siempre atendiendo a los \u00faltimos avances t\u00e9cnicos, a las\u00a0 diferentes normativas y a nuestras propias exigencias de m\u00e1xima calidad.<\/strong><\/h4>\n<p>[\/vc_column_text][vc_empty_space image_repeat=&#8221;no-repeat&#8221;][\/vc_column][\/vc_row][vc_row row_type=&#8221;row&#8221; use_row_as_full_screen_section=&#8221;no&#8221; type=&#8221;grid&#8221; text_align=&#8221;center&#8221; background_color=&#8221;#ffffff&#8221; css_animation=&#8221;&#8221; box_shadow_on_row=&#8221;no&#8221;][vc_column][vc_empty_space image_repeat=&#8221;no-repeat&#8221;][vc_column_text]<\/p>\n<h3 style=\"text-align: left;\">PINTURAS<\/h3>\n<p>[\/vc_column_text][vc_empty_space height=&#8221;50px&#8221; image_repeat=&#8221;no-repeat&#8221;][vc_empty_space height=&#8221;50px&#8221; image_repeat=&#8221;no-repeat&#8221;][vc_row_inner row_type=&#8221;row&#8221; type=&#8221;grid&#8221; use_row_as_full_screen_section_slide=&#8221;no&#8221; text_align=&#8221;center&#8221; css_animation=&#8221;&#8221; box_shadow_on_row=&#8221;no&#8221;][vc_column_inner][vc_column_text]<\/p>\n<table width=\"712\">\n<tbody>\n<tr>\n<td width=\"216\">\n<h4><a href=\"https:\/\/www.rinaldi.es\/index.php\/acrylas3\/\"><strong>ACRYLAS<\/strong><\/a><\/h4>\n<\/td>\n<td width=\"496\">\n<h4><strong>Recubrimiento el\u00e1stico acr\u00edlico para impermeabilizaci\u00f3n de cubiertas<\/strong><\/h4>\n<h4><strong>Colores: Blanco, Negro, Gris, Rojo,<\/strong><\/h4>\n<\/td>\n<\/tr>\n<tr>\n<td width=\"216\">\n<h4><a href=\"https:\/\/www.rinaldi.es\/index.php\/biturin2\/\"><strong>BITURIN<\/strong><\/a><\/h4>\n<\/td>\n<td width=\"496\">\n<h4><strong>Pintura bituminosa negra<\/strong><\/h4>\n<\/td>\n<\/tr>\n<tr>\n<td width=\"216\">\n<h4><a href=\"https:\/\/www.rinaldi.es\/index.php\/cauchorin\/\"><strong>CAUCHORIN<\/strong><\/a><\/h4>\n<\/td>\n<td width=\"496\">\n<h4><strong>Pintura de clorocaucho para piscinas azul<\/strong><\/h4>\n<\/td>\n<\/tr>\n<tr>\n<td width=\"216\">\n<h4><a href=\"https:\/\/www.rinaldi.es\/index.php\/disolrin2\/\"><strong>DISOLRIN<\/strong><\/a><\/h4>\n<\/td>\n<td width=\"496\">\n<h4><strong>Disolvente de uso general<\/strong><\/h4>\n<\/td>\n<\/tr>\n<tr>\n<td width=\"216\">\n<h4><a href=\"https:\/\/www.rinaldi.es\/index.php\/galvarin\/\"><strong>GALVARIN<\/strong><\/a><\/h4>\n<\/td>\n<td width=\"496\">\n<h4><strong>Pintura galv\u00e1nica de epoxi<\/strong><\/h4>\n<\/td>\n<\/tr>\n<tr>\n<td width=\"216\">\n<h4><a href=\"https:\/\/www.rinaldi.es\/index.php\/imperpol2\/\"><strong>IMPERPOL<\/strong><\/a><\/h4>\n<\/td>\n<td width=\"496\">\n<h4><strong>Poliuretano monocomponente\u00a0\u00a0<\/strong><\/h4>\n<\/td>\n<\/tr>\n<tr>\n<td width=\"216\">\n<h4><a href=\"https:\/\/www.rinaldi.es\/index.php\/impricar\/\"><strong>IMPRICAR<\/strong><\/a><\/h4>\n<\/td>\n<td width=\"496\">\n<h4><strong>Imprimaci\u00f3n anticorrosiva de muy alta calidad. Colores: Rojo \u00f3xido \u2013 Gris verdoso<\/strong><\/h4>\n<\/td>\n<\/tr>\n<tr>\n<td width=\"216\">\n<h4><a href=\"https:\/\/www.rinaldi.es\/index.php\/impricar-aqua\/\"><strong>IMPRICAR-AQUA<\/strong><\/a><\/h4>\n<\/td>\n<td width=\"496\">\n<h4><strong>Imprimaci\u00f3n anticorrosiva al agua<\/strong><\/h4>\n<\/td>\n<\/tr>\n<tr>\n<td width=\"216\">\n<h4><a href=\"https:\/\/www.rinaldi.es\/index.php\/pavirin2\/\"><strong>PAVIRIN<\/strong><\/a><\/h4>\n<\/td>\n<td width=\"496\">\n<h4><strong>Pintura especial antipolvo\u00a0 y antihumedad para cemento . Colores: Rojo, Verde, Gris<\/strong><\/h4>\n<\/td>\n<\/tr>\n<tr>\n<td width=\"216\">\n<h4><a href=\"https:\/\/www.rinaldi.es\/index.php\/rincryl\/\"><strong>RINCRYL<\/strong><\/a><\/h4>\n<\/td>\n<td width=\"496\">\n<h4><strong>Pintura acr\u00edlica para interior\/exterior. Color: Blanco<\/strong><\/h4>\n<\/td>\n<\/tr>\n<tr>\n<td width=\"216\">\n<h4><a href=\"https:\/\/www.rinaldi.es\/index.php\/rincryl-c2\/\"><strong>RINCRYL-C<\/strong><\/a><\/h4>\n<\/td>\n<td width=\"496\">\n<h4><strong>Pintura acr\u00edlica para interior\/exterior. Colores<\/strong><\/h4>\n<\/td>\n<\/tr>\n<tr>\n<td width=\"216\">\n<h4><a href=\"https:\/\/www.rinaldi.es\/index.php\/rinoxid2\/\"><strong>RINOXID<\/strong><\/a><\/h4>\n<\/td>\n<td width=\"496\">\n<h4><strong>Esmalte anticorrosivo sint\u00e9tico<\/strong><\/h4>\n<\/td>\n<\/tr>\n<tr>\n<td width=\"216\">\n<h4><a href=\"https:\/\/www.rinaldi.es\/index.php\/rinoxid-aqua2\/\"><strong>RINOXID-AQUA<\/strong><\/a><\/h4>\n<\/td>\n<td width=\"496\">\n<h4><strong>Esmalte anticorrosivo al agua<\/strong><\/h4>\n<\/td>\n<\/tr>\n<tr>\n<td width=\"216\">\n<h4><a href=\"https:\/\/www.rinaldi.es\/index.php\/rinplas\/\"><strong>RINPLAS<\/strong><\/a><\/h4>\n<\/td>\n<td width=\"496\">\n<h4><strong>Pintura acr\u00edlica para interior. Color: Blanco<\/strong><\/h4>\n<\/td>\n<\/tr>\n<tr>\n<td width=\"216\">\n<h4><a href=\"https:\/\/www.rinaldi.es\/index.php\/selpol\/\"><strong>SELPOL<\/strong><\/a><\/h4>\n<\/td>\n<td width=\"496\">\n<h4><strong>Sellador antipolvo y antihumedad para cemento.<\/strong><\/h4>\n<\/td>\n<\/tr>\n<tr>\n<td width=\"216\">\n<h4><a href=\"https:\/\/www.rinaldi.es\/index.php\/trafic2\/\"><strong>TRAFIC<\/strong><\/a><\/h4>\n<\/td>\n<td width=\"496\">\n<h4><strong>Pintura para se\u00f1alizaci\u00f3n vial<\/strong><\/h4>\n<\/td>\n<\/tr>\n<\/tbody>\n<\/table>\n<p>[\/vc_column_text][\/vc_column_inner][\/vc_row_inner][vc_empty_space image_repeat=&#8221;no-repeat&#8221;][vc_row_inner row_type=&#8221;row&#8221; type=&#8221;full_width&#8221; use_row_as_full_screen_section_slide=&#8221;no&#8221; text_align=&#8221;left&#8221; css_animation=&#8221;&#8221; box_shadow_on_row=&#8221;no&#8221;][vc_column_inner width=&#8221;1\/2&#8243;]<a href=\"https:\/\/www.rinaldi.es\/index.php\/catalogo-de-productos\/\" target=\"_self\"  class=\"qbutton  icon_right\" style=\"\">VOLVER A &gt;&gt; CAT\u00c1LOGO DE PRODUCTOS<\/a>[vc_empty_space image_repeat=&#8221;no-repeat&#8221;][\/vc_column_inner][vc_column_inner width=&#8221;1\/2&#8243;][\/vc_column_inner][\/vc_row_inner][\/vc_column][\/vc_row][vc_row row_type=&#8221;row&#8221; use_row_as_full_screen_section=&#8221;no&#8221; type=&#8221;full_width&#8221; text_align=&#8221;left&#8221; css_animation=&#8221;&#8221; box_shadow_on_row=&#8221;no&#8221;][vc_column][\/vc_column][\/vc_row][vc_row row_type=&#8221;row&#8221; use_row_as_full_screen_section=&#8221;no&#8221; type=&#8221;full_width&#8221; text_align=&#8221;left&#8221; css_animation=&#8221;&#8221; box_shadow_on_row=&#8221;no&#8221;][vc_column][\/vc_column][\/vc_row]<\/p>\n","protected":false},"excerpt":{"rendered":"<p>[vc_row row_type=&#8221;row&#8221; use_row_as_full_screen_section=&#8221;no&#8221; type=&#8221;grid&#8221; text_align=&#8221;left&#8221; css_animation=&#8221;&#8221; box_shadow_on_row=&#8221;no&#8221;][vc_column][vc_empty_space image_repeat=&#8221;no-repeat&#8221;][vc_column_text css=&#8221;.vc_custom_1545330962120{border-bottom-width: 32px !important;}&#8221;] Con el objetivo de ofrecer una herramienta sencilla, eficaz y completa, presentamos este nuevo cat\u00e1logo de productos consecuencia de una labor de m\u00e1s de cuarenta a\u00f1os. &nbsp; Esa dilatada experiencia nos permite responder a <a class=\"read-more-link\" href=\"https:\/\/www.rinaldi.es\/index.php\/pinturas\/\">M\u00e1s detalles<\/a><\/p>\n","protected":false},"author":1,"featured_media":0,"parent":0,"menu_order":0,"comment_status":"closed","ping_status":"closed","template":"full_width.php","meta":{"_monsterinsights_skip_tracking":false,"_monsterinsights_sitenote_active":false,"_monsterinsights_sitenote_note":"","_monsterinsights_sitenote_category":0,"footnotes":""},"class_list":["post-6404","page","type-page","status-publish","hentry"],"_links":{"self":[{"href":"https:\/\/www.rinaldi.es\/index.php\/wp-json\/wp\/v2\/pages\/6404","targetHints":{"allow":["GET"]}}],"collection":[{"href":"https:\/\/www.rinaldi.es\/index.php\/wp-json\/wp\/v2\/pages"}],"about":[{"href":"https:\/\/www.rinaldi.es\/index.php\/wp-json\/wp\/v2\/types\/page"}],"author":[{"embeddable":true,"href":"https:\/\/www.rinaldi.es\/index.php\/wp-json\/wp\/v2\/users\/1"}],"replies":[{"embeddable":true,"href":"https:\/\/www.rinaldi.es\/index.php\/wp-json\/wp\/v2\/comments?post=6404"}],"version-history":[{"count":7,"href":"https:\/\/www.rinaldi.es\/index.php\/wp-json\/wp\/v2\/pages\/6404\/revisions"}],"predecessor-version":[{"id":7873,"href":"https:\/\/www.rinaldi.es\/index.php\/wp-json\/wp\/v2\/pages\/6404\/revisions\/7873"}],"wp:attachment":[{"href":"https:\/\/www.rinaldi.es\/index.php\/wp-json\/wp\/v2\/media?parent=6404"}],"curies":[{"name":"wp","href":"https:\/\/api.w.org\/{rel}","templated":true}]}}