{"id":6569,"date":"2018-11-25T18:26:16","date_gmt":"2018-11-25T18:26:16","guid":{"rendered":"http:\/\/www.rinaldi.es\/?page_id=6569"},"modified":"2018-12-20T18:07:28","modified_gmt":"2018-12-20T18:07:28","slug":"grasas-lubricantes","status":"publish","type":"page","link":"https:\/\/www.rinaldi.es\/index.php\/grasas-lubricantes\/","title":{"rendered":"Grasas lubricantes"},"content":{"rendered":"<p>[vc_row row_type=&#8221;row&#8221; use_row_as_full_screen_section=&#8221;no&#8221; type=&#8221;grid&#8221; text_align=&#8221;left&#8221; css_animation=&#8221;&#8221; box_shadow_on_row=&#8221;no&#8221;][vc_column][vc_empty_space image_repeat=&#8221;no-repeat&#8221;][vc_column_text css=&#8221;.vc_custom_1545329247576{border-bottom-width: 32px !important;}&#8221;]<\/p>\n<h4 style=\"text-align: center;\"><strong>Con el objetivo de ofrecer una herramienta sencilla, eficaz y completa, presentamos este nuevo cat\u00e1logo de productos consecuencia de una labor de <\/strong><strong>m\u00e1s de cuarenta a\u00f1os.<\/strong><\/h4>\n<h4><\/h4>\n<p>&nbsp;<\/p>\n<h4 style=\"text-align: center;\"><strong>Esa dilatada experiencia nos permite responder a las exigencias de\u00a0 nuestros clientes, dar soluci\u00f3n a problemas presentados en diferentes \u00e1mbitos siempre atendiendo a los \u00faltimos avances t\u00e9cnicos, a las\u00a0 diferentes normativas y a nuestras propias exigencias de m\u00e1xima calidad.<\/strong><\/h4>\n<p>[\/vc_column_text][vc_empty_space image_repeat=&#8221;no-repeat&#8221;][\/vc_column][\/vc_row][vc_row row_type=&#8221;row&#8221; use_row_as_full_screen_section=&#8221;no&#8221; type=&#8221;grid&#8221; text_align=&#8221;left&#8221; background_color=&#8221;#ffffff&#8221; css_animation=&#8221;&#8221; box_shadow_on_row=&#8221;no&#8221;][vc_column][vc_empty_space image_repeat=&#8221;no-repeat&#8221;][vc_column_text]<\/p>\n<h3><b>Grasas lubricantes<\/b><\/h3>\n<p>[\/vc_column_text][vc_empty_space height=&#8221;50px&#8221; image_repeat=&#8221;no-repeat&#8221;][vc_row_inner row_type=&#8221;row&#8221; type=&#8221;grid&#8221; use_row_as_full_screen_section_slide=&#8221;no&#8221; text_align=&#8221;center&#8221; css_animation=&#8221;&#8221; box_shadow_on_row=&#8221;no&#8221;][vc_column_inner][vc_empty_space image_repeat=&#8221;no-repeat&#8221;][vc_column_text]<\/p>\n<table width=\"691\">\n<tbody>\n<tr>\n<td width=\"251\">\n<h4><a href=\"https:\/\/www.rinaldi.es\/index.php\/aligras\/\"><strong>ALIGRAS<\/strong><\/a><\/h4>\n<\/td>\n<td width=\"439\">\n<h4><strong>Grasa atoxica sint\u00e9tica con\u00a0 PTFE, Consistencia NLGI 2 (Recomendada en industria alimentaria)<\/strong><\/h4>\n<\/td>\n<\/tr>\n<tr>\n<td width=\"251\">\n<h4><a href=\"https:\/\/www.rinaldi.es\/index.php\/aligras-spray\/\"><strong>ALIGRAS Spray<\/strong><\/a><\/h4>\n<\/td>\n<td width=\"439\">\n<h4><strong>Grasa atoxica\u00a0 con\u00a0 PTFE, Aerosol de 400 c.c. (Recomendada en industria alimentaria)<\/strong><\/h4>\n<\/td>\n<\/tr>\n<tr>\n<td width=\"251\">\n<h4><a href=\"https:\/\/www.rinaldi.es\/index.php\/graden\/\"><strong>GRADEN<\/strong><\/a><\/h4>\n<\/td>\n<td width=\"439\">\n<h4><strong>Grasa lubricante de cadenas, transparente, con tefl\u00f3n, en aerosol de 400 c.c.<\/strong><\/h4>\n<\/td>\n<\/tr>\n<tr>\n<td width=\"251\">\n<h4><a href=\"https:\/\/www.rinaldi.es\/index.php\/licar\/\"><strong>LICAR<\/strong><\/a><\/h4>\n<\/td>\n<td width=\"439\">\n<h4><strong>Grasa l\u00edtica en cartuchos de 400 Gr y de consistencia NLGI 2<\/strong><\/h4>\n<\/td>\n<\/tr>\n<tr>\n<td width=\"251\">\n<h4><a href=\"https:\/\/www.rinaldi.es\/index.php\/multigras-ep-00\/\"><strong>MULTIGRAS EP-00<\/strong><\/a><\/h4>\n<\/td>\n<td width=\"439\">\n<h4><strong>Grasa multiservicio para engrases centralizados con aditivos EP y consistencia NLGI 00<\/strong><\/h4>\n<\/td>\n<\/tr>\n<tr>\n<td width=\"251\">\n<h4><a href=\"https:\/\/www.rinaldi.es\/index.php\/rigras\/\"><strong>RIGRAS<\/strong><\/a><\/h4>\n<\/td>\n<td width=\"439\">\n<h4><strong>Grasa c\u00e1lcica de color verde de consistencia NLGI 3<\/strong><\/h4>\n<\/td>\n<\/tr>\n<tr>\n<td width=\"251\">\n<h4><a href=\"https:\/\/www.rinaldi.es\/index.php\/rinlite\/\"><strong>RINLITE<\/strong><\/a><\/h4>\n<\/td>\n<td width=\"439\">\n<h4><strong>Grasa con base de litio de color \u00e1mbar de consistencia NLGI 2<\/strong><\/h4>\n<\/td>\n<\/tr>\n<tr>\n<td width=\"251\">\n<h4><a href=\"https:\/\/www.rinaldi.es\/index.php\/rinlite-at\/\"><strong>RINLITE AT<\/strong><\/a><\/h4>\n<\/td>\n<td width=\"439\">\n<h4><strong>Grasa compleja de litio para altas temperaturas. NLGI 2<\/strong><\/h4>\n<\/td>\n<\/tr>\n<tr>\n<td width=\"251\">\n<h4><a href=\"https:\/\/www.rinaldi.es\/index.php\/rinlite-at3\/\"><strong>RINLITE AT Cartucho<\/strong><\/a><\/h4>\n<\/td>\n<td width=\"439\">\n<h4><strong>Grasa compleja de litio para altas temperaturas\u00a0 NLGI 2 Cartucho de 400 grs<\/strong><\/h4>\n<\/td>\n<\/tr>\n<tr>\n<td width=\"251\">\n<h4><a href=\"https:\/\/www.rinaldi.es\/index.php\/rinmol\/\"><strong>RINMOL<\/strong><\/a><\/h4>\n<\/td>\n<td width=\"439\">\n<h4><strong>Grasa de litio con bisulfuro de molibdeno de color gris-negro y de consistencia NLGI 2<\/strong><\/h4>\n<\/td>\n<\/tr>\n<\/tbody>\n<\/table>\n<p>[\/vc_column_text][\/vc_column_inner][\/vc_row_inner][vc_empty_space image_repeat=&#8221;no-repeat&#8221;][vc_row_inner row_type=&#8221;row&#8221; type=&#8221;full_width&#8221; use_row_as_full_screen_section_slide=&#8221;no&#8221; text_align=&#8221;left&#8221; css_animation=&#8221;&#8221; box_shadow_on_row=&#8221;no&#8221;][vc_column_inner width=&#8221;1\/2&#8243;]<a href=\"https:\/\/www.rinaldi.es\/index.php\/industria\/\" target=\"_self\"  class=\"qbutton  icon_right\" style=\"\">VOLVER A &gt;&gt; INDUSTRIA<\/a>[vc_empty_space image_repeat=&#8221;no-repeat&#8221;][\/vc_column_inner][vc_column_inner width=&#8221;1\/2&#8243;][\/vc_column_inner][\/vc_row_inner][\/vc_column][\/vc_row][vc_row row_type=&#8221;row&#8221; use_row_as_full_screen_section=&#8221;no&#8221; type=&#8221;full_width&#8221; text_align=&#8221;left&#8221; css_animation=&#8221;&#8221; box_shadow_on_row=&#8221;no&#8221;][vc_column][\/vc_column][\/vc_row][vc_row row_type=&#8221;row&#8221; use_row_as_full_screen_section=&#8221;no&#8221; type=&#8221;full_width&#8221; text_align=&#8221;left&#8221; css_animation=&#8221;&#8221; box_shadow_on_row=&#8221;no&#8221;][vc_column][\/vc_column][\/vc_row]<\/p>\n","protected":false},"excerpt":{"rendered":"<p>[vc_row row_type=&#8221;row&#8221; use_row_as_full_screen_section=&#8221;no&#8221; type=&#8221;grid&#8221; text_align=&#8221;left&#8221; css_animation=&#8221;&#8221; box_shadow_on_row=&#8221;no&#8221;][vc_column][vc_empty_space image_repeat=&#8221;no-repeat&#8221;][vc_column_text css=&#8221;.vc_custom_1545329247576{border-bottom-width: 32px !important;}&#8221;] Con el objetivo de ofrecer una herramienta sencilla, eficaz y completa, presentamos este nuevo cat\u00e1logo de productos consecuencia de una labor de m\u00e1s de cuarenta a\u00f1os. &nbsp; Esa dilatada experiencia nos permite responder a <a class=\"read-more-link\" href=\"https:\/\/www.rinaldi.es\/index.php\/grasas-lubricantes\/\">M\u00e1s detalles<\/a><\/p>\n","protected":false},"author":1,"featured_media":0,"parent":0,"menu_order":0,"comment_status":"closed","ping_status":"closed","template":"full_width.php","meta":{"_monsterinsights_skip_tracking":false,"_monsterinsights_sitenote_active":false,"_monsterinsights_sitenote_note":"","_monsterinsights_sitenote_category":0,"footnotes":""},"class_list":["post-6569","page","type-page","status-publish","hentry"],"_links":{"self":[{"href":"https:\/\/www.rinaldi.es\/index.php\/wp-json\/wp\/v2\/pages\/6569","targetHints":{"allow":["GET"]}}],"collection":[{"href":"https:\/\/www.rinaldi.es\/index.php\/wp-json\/wp\/v2\/pages"}],"about":[{"href":"https:\/\/www.rinaldi.es\/index.php\/wp-json\/wp\/v2\/types\/page"}],"author":[{"embeddable":true,"href":"https:\/\/www.rinaldi.es\/index.php\/wp-json\/wp\/v2\/users\/1"}],"replies":[{"embeddable":true,"href":"https:\/\/www.rinaldi.es\/index.php\/wp-json\/wp\/v2\/comments?post=6569"}],"version-history":[{"count":5,"href":"https:\/\/www.rinaldi.es\/index.php\/wp-json\/wp\/v2\/pages\/6569\/revisions"}],"predecessor-version":[{"id":7836,"href":"https:\/\/www.rinaldi.es\/index.php\/wp-json\/wp\/v2\/pages\/6569\/revisions\/7836"}],"wp:attachment":[{"href":"https:\/\/www.rinaldi.es\/index.php\/wp-json\/wp\/v2\/media?parent=6569"}],"curies":[{"name":"wp","href":"https:\/\/api.w.org\/{rel}","templated":true}]}}