{"id":6607,"date":"2018-11-25T21:32:47","date_gmt":"2018-11-25T21:32:47","guid":{"rendered":"http:\/\/www.rinaldi.es\/?page_id=6607"},"modified":"2021-12-19T23:20:09","modified_gmt":"2021-12-19T23:20:09","slug":"desengrasantes-alcalinos","status":"publish","type":"page","link":"https:\/\/www.rinaldi.es\/index.php\/desengrasantes-alcalinos\/","title":{"rendered":"Desengrasantes alcalinos"},"content":{"rendered":"<p>[vc_row row_type=&#8221;row&#8221; use_row_as_full_screen_section=&#8221;no&#8221; type=&#8221;grid&#8221; text_align=&#8221;left&#8221; css_animation=&#8221;&#8221; box_shadow_on_row=&#8221;no&#8221;][vc_column][vc_empty_space image_repeat=&#8221;no-repeat&#8221;][vc_column_text css=&#8221;.vc_custom_1545329657000{border-bottom-width: 32px !important;}&#8221;]<\/p>\n<h4 style=\"text-align: center;\"><strong>Con el objetivo de ofrecer una herramienta sencilla, eficaz y completa, presentamos este nuevo cat\u00e1logo de productos consecuencia de una labor de <\/strong><strong>m\u00e1s de cuarenta a\u00f1os.<\/strong><\/h4>\n<h4><\/h4>\n<p>&nbsp;<\/p>\n<h4 style=\"text-align: center;\"><strong>Esa dilatada experiencia nos permite responder a las exigencias de\u00a0 nuestros clientes, dar soluci\u00f3n a problemas presentados en diferentes \u00e1mbitos siempre atendiendo a los \u00faltimos avances t\u00e9cnicos, a las\u00a0 diferentes normativas y a nuestras propias exigencias de m\u00e1xima calidad.<\/strong><\/h4>\n<p>[\/vc_column_text][vc_empty_space image_repeat=&#8221;no-repeat&#8221;][\/vc_column][\/vc_row][vc_row row_type=&#8221;row&#8221; use_row_as_full_screen_section=&#8221;no&#8221; type=&#8221;grid&#8221; text_align=&#8221;left&#8221; background_color=&#8221;#ffffff&#8221; css_animation=&#8221;&#8221; box_shadow_on_row=&#8221;no&#8221;][vc_column][vc_empty_space image_repeat=&#8221;no-repeat&#8221;][vc_column_text]<\/p>\n<h3><b>Desengrasantes alcalinos<\/b><\/h3>\n<p>[\/vc_column_text][vc_empty_space height=&#8221;50px&#8221; image_repeat=&#8221;no-repeat&#8221;][vc_empty_space height=&#8221;50px&#8221; image_repeat=&#8221;no-repeat&#8221;][vc_row_inner row_type=&#8221;row&#8221; type=&#8221;grid&#8221; use_row_as_full_screen_section_slide=&#8221;no&#8221; text_align=&#8221;center&#8221; css_animation=&#8221;&#8221; box_shadow_on_row=&#8221;no&#8221;][vc_column_inner][vc_empty_space image_repeat=&#8221;no-repeat&#8221;][vc_column_text]<\/p>\n<table width=\"688\">\n<tbody>\n<tr>\n<td width=\"228\">\n<h4><a href=\"https:\/\/www.rinaldi.es\/index.php\/aliclor-complet\/\"><strong>ALICLOR-COMPLET<\/strong><\/a><\/h4>\n<\/td>\n<td width=\"460\">\n<h4><strong>Detergente l\u00edquido clorado fungicida y bactericida. CERTIFICADO HA<\/strong><\/h4>\n<\/td>\n<\/tr>\n<tr>\n<td width=\"228\">\n<h4><a href=\"https:\/\/www.rinaldi.es\/index.php\/aliquat-n\/\"><strong>ALIQUAT-N<\/strong><\/a><\/h4>\n<\/td>\n<td width=\"460\">\n<h4><strong>Detergente l\u00edquido fungicida y bactericida. CERTIFICADO HA<\/strong><\/h4>\n<\/td>\n<\/tr>\n<tr>\n<td width=\"228\">\n<h4><a href=\"https:\/\/www.rinaldi.es\/index.php\/bitarnet\/\"><strong>BITARNET<\/strong><\/a><\/h4>\n<\/td>\n<td width=\"460\">\n<h4><strong>Producto especialmente dise\u00f1ado para la eliminaci\u00f3n de los bitartratos del vino, recomendado para la limpieza en industria alimentaria.<\/strong><\/h4>\n<\/td>\n<\/tr>\n<tr>\n<td width=\"228\">\n<h4><a href=\"https:\/\/www.rinaldi.es\/index.php\/bitarnet-foam\/\"><strong>BITARNET-FOAM<\/strong><\/a><\/h4>\n<\/td>\n<td width=\"460\">\n<h4><strong>Limpieza de bitartratos con espuma, recomendado para la limpieza en industria alimentaria<\/strong><\/h4>\n<\/td>\n<\/tr>\n<tr>\n<td width=\"228\">\n<h4><a href=\"https:\/\/www.rinaldi.es\/index.php\/calimp-2\/\"><strong>CALIMP<\/strong><\/a><\/h4>\n<\/td>\n<td width=\"460\">\n<h4><strong>Desengrasante concentrado soluble en agua, sin espuma, ideal para la limpieza y saneamiento de cajas de pl\u00e1stico de fruta, suelos y todo tipo de superficies<\/strong><\/h4>\n<\/td>\n<\/tr>\n<tr>\n<td width=\"228\">\n<h4><a href=\"https:\/\/www.rinaldi.es\/index.php\/cartolim\/\"><strong>CARTOLIM<\/strong><\/a><\/h4>\n<\/td>\n<td width=\"460\">\n<h4><strong>Detergente para lavado de camiones<\/strong><\/h4>\n<\/td>\n<\/tr>\n<tr>\n<td width=\"228\">\n<h4><a href=\"https:\/\/www.rinaldi.es\/index.php\/cartolim-g\/\"><strong>CARTOLIM-G<\/strong><\/a><\/h4>\n<\/td>\n<td width=\"460\">\n<h4><strong>Desengrasante especial para la eliminaci\u00f3n de grasas animales, recomendado para la limpieza en industria alimentaria<\/strong><\/h4>\n<\/td>\n<\/tr>\n<tr>\n<td width=\"228\">\n<h4><a href=\"https:\/\/www.rinaldi.es\/index.php\/fotobril\/\"><strong>FOTOBRIL<\/strong><\/a><\/h4>\n<\/td>\n<td width=\"460\">\n<h4><strong>Abrillantador de placas fotovoltaicas<\/strong><\/h4>\n<\/td>\n<\/tr>\n<tr>\n<td width=\"228\">\n<h4><a href=\"https:\/\/www.rinaldi.es\/index.php\/fotonet\/\"><strong>FOTONET<\/strong><\/a><\/h4>\n<\/td>\n<td width=\"460\">\n<h4><strong>Limpiador para placas fotovoltaicas<\/strong><\/h4>\n<\/td>\n<\/tr>\n<tr>\n<td width=\"228\">\n<h4><a href=\"https:\/\/www.rinaldi.es\/index.php\/hornet\/\"><strong>HORNET<\/strong><\/a><\/h4>\n<\/td>\n<td width=\"460\">\n<h4><strong>Desengrasador de hornos industriales<\/strong><\/h4>\n<\/td>\n<\/tr>\n<tr>\n<td width=\"228\">\n<h4><a href=\"https:\/\/www.rinaldi.es\/index.php\/insect\/\"><strong>INSECT<\/strong><\/a><\/h4>\n<\/td>\n<td width=\"460\">\n<h4><strong>Eliminador de mosquitos<\/strong><\/h4>\n<\/td>\n<\/tr>\n<tr>\n<td width=\"228\">\n<h4><a href=\"https:\/\/www.rinaldi.es\/index.php\/limpsol\/\"><strong>LIMPSOL<\/strong><\/a><\/h4>\n<\/td>\n<td width=\"460\">\n<h4><strong>Limpiador de uso general soluble en agua<\/strong><\/h4>\n<\/td>\n<\/tr>\n<tr>\n<td width=\"228\">\n<h4><a href=\"https:\/\/www.rinaldi.es\/index.php\/limpsol-d\/\"><strong>LIMPSOL-D<\/strong><\/a><\/h4>\n<\/td>\n<td width=\"460\">\n<h4><strong>Quitagrasas profesional en pulverizador de 1 litro<\/strong><\/h4>\n<\/td>\n<\/tr>\n<tr>\n<td width=\"228\">\n<h4><a href=\"https:\/\/www.rinaldi.es\/index.php\/maquinet\/\"><strong>MAQUINET<\/strong><\/a><\/h4>\n<\/td>\n<td width=\"460\">\n<h4><strong>S\u00faper-desengrasante para maquinaria<\/strong><\/h4>\n<\/td>\n<\/tr>\n<tr>\n<td width=\"228\">\n<h4><a href=\"https:\/\/www.rinaldi.es\/index.php\/masul\/\"><strong>MASUL<\/strong><\/a><\/h4>\n<\/td>\n<td width=\"460\">\n<h4><strong>L\u00edquido concentrado para fregadoras autom\u00e1ticas de espuma controlada<\/strong><\/h4>\n<\/td>\n<\/tr>\n<tr>\n<td width=\"228\">\n<h4><a href=\"https:\/\/www.rinaldi.es\/index.php\/multi-trac\/\"><strong>MULTI-TRAC<\/strong><\/a><\/h4>\n<\/td>\n<td width=\"460\">\n<h4><strong>Detergente\/Desengrasante para veh\u00edculos<\/strong><\/h4>\n<\/td>\n<\/tr>\n<tr>\n<td width=\"228\">\n<h4><a href=\"https:\/\/www.rinaldi.es\/index.php\/termiq-60\/\"><strong>TERMIQ-60<\/strong><\/a><\/h4>\n<\/td>\n<td width=\"460\">\n<h4><strong>Limpieza de holl\u00edn para calderas y quemadores<\/strong><\/h4>\n<\/td>\n<\/tr>\n<tr>\n<td width=\"228\">\n<h4><a href=\"https:\/\/www.rinaldi.es\/index.php\/tinet\/\"><strong>TINET<\/strong><\/a><\/h4>\n<\/td>\n<td width=\"460\">\n<h4><strong>Limpiador de clich\u00e9s flexogr\u00e1ficos\u00a0<\/strong><\/h4>\n<\/td>\n<\/tr>\n<tr>\n<td width=\"228\">\n<h4><a href=\"https:\/\/www.rinaldi.es\/index.php\/tireforce\/\"><strong>TIREFORCE<\/strong><\/a><\/h4>\n<\/td>\n<td width=\"460\">\n<h4><strong>Limpia llantas alcalino<\/strong><\/h4>\n<\/td>\n<\/tr>\n<tr>\n<td width=\"228\">\n<h4><a href=\"https:\/\/www.rinaldi.es\/index.php\/vapormat2\/\"><strong>VAPORMAT<\/strong><\/a><\/h4>\n<\/td>\n<td width=\"460\">\n<h4><strong>Petroleador de motores soluble en agua<\/strong><\/h4>\n<\/td>\n<\/tr>\n<tr>\n<td width=\"228\">\n<h4><a href=\"https:\/\/www.rinaldi.es\/index.php\/vapormat-g\/\"><strong>VAPORMAT \u2013 G<\/strong><\/a><\/h4>\n<\/td>\n<td width=\"460\">\n<h4><strong>Desengrasante ideal para la industria conservera, recomendado para la limpieza en industria alimentaria<\/strong><\/h4>\n<\/td>\n<\/tr>\n<tr>\n<td width=\"228\">\n<h4><a href=\"https:\/\/www.rinaldi.es\/index.php\/winet-26\/\"><strong>WINET-26<\/strong><\/a><\/h4>\n<\/td>\n<td width=\"460\">\n<h4><strong>Desengrasante alimentario super-en\u00e9rgico, recomendado para la limpieza en industria alimentaria<\/strong><\/h4>\n<\/td>\n<\/tr>\n<\/tbody>\n<\/table>\n<p>[\/vc_column_text][\/vc_column_inner][\/vc_row_inner][vc_empty_space image_repeat=&#8221;no-repeat&#8221;][vc_row_inner row_type=&#8221;row&#8221; type=&#8221;full_width&#8221; use_row_as_full_screen_section_slide=&#8221;no&#8221; text_align=&#8221;left&#8221; css_animation=&#8221;&#8221; box_shadow_on_row=&#8221;no&#8221;][vc_column_inner width=&#8221;1\/2&#8243;]<a href=\"https:\/\/www.rinaldi.es\/index.php\/mantenimiento\/\" target=\"_self\"  class=\"qbutton  icon_right\" style=\"\">VOLVER A &gt;&gt; MANTENIMIENTO<\/a>[vc_empty_space image_repeat=&#8221;no-repeat&#8221;][\/vc_column_inner][vc_column_inner width=&#8221;1\/2&#8243;][\/vc_column_inner][\/vc_row_inner][\/vc_column][\/vc_row][vc_row row_type=&#8221;row&#8221; use_row_as_full_screen_section=&#8221;no&#8221; type=&#8221;full_width&#8221; text_align=&#8221;left&#8221; css_animation=&#8221;&#8221; box_shadow_on_row=&#8221;no&#8221;][vc_column][\/vc_column][\/vc_row][vc_row row_type=&#8221;row&#8221; use_row_as_full_screen_section=&#8221;no&#8221; type=&#8221;full_width&#8221; text_align=&#8221;left&#8221; css_animation=&#8221;&#8221; box_shadow_on_row=&#8221;no&#8221;][vc_column][\/vc_column][\/vc_row]<\/p>\n","protected":false},"excerpt":{"rendered":"<p>[vc_row row_type=&#8221;row&#8221; use_row_as_full_screen_section=&#8221;no&#8221; type=&#8221;grid&#8221; text_align=&#8221;left&#8221; css_animation=&#8221;&#8221; box_shadow_on_row=&#8221;no&#8221;][vc_column][vc_empty_space image_repeat=&#8221;no-repeat&#8221;][vc_column_text css=&#8221;.vc_custom_1545329657000{border-bottom-width: 32px !important;}&#8221;] Con el objetivo de ofrecer una herramienta sencilla, eficaz y completa, presentamos este nuevo cat\u00e1logo de productos consecuencia de una labor de m\u00e1s de cuarenta a\u00f1os. &nbsp; Esa dilatada experiencia nos permite responder a <a class=\"read-more-link\" href=\"https:\/\/www.rinaldi.es\/index.php\/desengrasantes-alcalinos\/\">M\u00e1s detalles<\/a><\/p>\n","protected":false},"author":1,"featured_media":0,"parent":0,"menu_order":0,"comment_status":"closed","ping_status":"closed","template":"full_width.php","meta":{"_monsterinsights_skip_tracking":false,"_monsterinsights_sitenote_active":false,"_monsterinsights_sitenote_note":"","_monsterinsights_sitenote_category":0,"footnotes":""},"class_list":["post-6607","page","type-page","status-publish","hentry"],"_links":{"self":[{"href":"https:\/\/www.rinaldi.es\/index.php\/wp-json\/wp\/v2\/pages\/6607","targetHints":{"allow":["GET"]}}],"collection":[{"href":"https:\/\/www.rinaldi.es\/index.php\/wp-json\/wp\/v2\/pages"}],"about":[{"href":"https:\/\/www.rinaldi.es\/index.php\/wp-json\/wp\/v2\/types\/page"}],"author":[{"embeddable":true,"href":"https:\/\/www.rinaldi.es\/index.php\/wp-json\/wp\/v2\/users\/1"}],"replies":[{"embeddable":true,"href":"https:\/\/www.rinaldi.es\/index.php\/wp-json\/wp\/v2\/comments?post=6607"}],"version-history":[{"count":12,"href":"https:\/\/www.rinaldi.es\/index.php\/wp-json\/wp\/v2\/pages\/6607\/revisions"}],"predecessor-version":[{"id":8104,"href":"https:\/\/www.rinaldi.es\/index.php\/wp-json\/wp\/v2\/pages\/6607\/revisions\/8104"}],"wp:attachment":[{"href":"https:\/\/www.rinaldi.es\/index.php\/wp-json\/wp\/v2\/media?parent=6607"}],"curies":[{"name":"wp","href":"https:\/\/api.w.org\/{rel}","templated":true}]}}