{"id":6641,"date":"2018-11-25T22:42:53","date_gmt":"2018-11-25T22:42:53","guid":{"rendered":"http:\/\/www.rinaldi.es\/?page_id=6641"},"modified":"2021-12-06T18:39:36","modified_gmt":"2021-12-06T18:39:36","slug":"limpieza-exterior-vehiculos","status":"publish","type":"page","link":"https:\/\/www.rinaldi.es\/index.php\/limpieza-exterior-vehiculos\/","title":{"rendered":"Limpieza exterior veh\u00edculos"},"content":{"rendered":"<p>[vc_row row_type=&#8221;row&#8221; use_row_as_full_screen_section=&#8221;no&#8221; type=&#8221;grid&#8221; text_align=&#8221;left&#8221; css_animation=&#8221;&#8221; box_shadow_on_row=&#8221;no&#8221;][vc_column][vc_empty_space image_repeat=&#8221;no-repeat&#8221;][vc_column_text css=&#8221;.vc_custom_1545330239552{border-bottom-width: 32px !important;}&#8221;]<\/p>\n<h4 style=\"text-align: center;\"><strong>Con el objetivo de ofrecer una herramienta sencilla, eficaz y completa, presentamos este nuevo cat\u00e1logo de productos consecuencia de una labor de <\/strong><strong>m\u00e1s de cuarenta a\u00f1os.<\/strong><\/h4>\n<h4><\/h4>\n<p>&nbsp;<\/p>\n<h4 style=\"text-align: center;\"><strong>Esa dilatada experiencia nos permite responder a las exigencias de\u00a0 nuestros clientes, dar soluci\u00f3n a problemas presentados en diferentes \u00e1mbitos siempre atendiendo a los \u00faltimos avances t\u00e9cnicos, a las\u00a0 diferentes normativas y a nuestras propias exigencias de m\u00e1xima calidad.<\/strong><\/h4>\n<p>[\/vc_column_text][vc_empty_space image_repeat=&#8221;no-repeat&#8221;][\/vc_column][\/vc_row][vc_row row_type=&#8221;row&#8221; use_row_as_full_screen_section=&#8221;no&#8221; type=&#8221;grid&#8221; text_align=&#8221;left&#8221; background_color=&#8221;#ffffff&#8221; css_animation=&#8221;&#8221; box_shadow_on_row=&#8221;no&#8221;][vc_column][vc_empty_space image_repeat=&#8221;no-repeat&#8221;][vc_column_text]<\/p>\n<h3><b>Limpieza exterior veh\u00edculos<\/b><\/h3>\n<p>[\/vc_column_text][vc_empty_space height=&#8221;50px&#8221; image_repeat=&#8221;no-repeat&#8221;][vc_row_inner row_type=&#8221;row&#8221; type=&#8221;grid&#8221; use_row_as_full_screen_section_slide=&#8221;no&#8221; text_align=&#8221;center&#8221; css_animation=&#8221;&#8221; box_shadow_on_row=&#8221;no&#8221;][vc_column_inner][vc_empty_space image_repeat=&#8221;no-repeat&#8221;][vc_column_text]<\/p>\n<table width=\"653\">\n<tbody>\n<tr>\n<td width=\"203\">\n<h4><a href=\"https:\/\/www.rinaldi.es\/index.php\/acinox2\/\"><strong>ACINOX<\/strong><\/a><\/h4>\n<\/td>\n<td width=\"450\">\n<h4><strong>Detergente \u00e1cido para la limpieza de camiones cisterna con alto poder espumante<\/strong><\/h4>\n<\/td>\n<\/tr>\n<tr>\n<td width=\"203\">\n<h4><a href=\"https:\/\/www.rinaldi.es\/index.php\/asfex\/\"><strong>ASFEX<\/strong><\/a><\/h4>\n<\/td>\n<td width=\"450\">\n<h4><strong>Disolvente emulsificador de brea, asfalto y grasa<\/strong><\/h4>\n<\/td>\n<\/tr>\n<tr>\n<td width=\"203\">\n<h4><a href=\"https:\/\/www.rinaldi.es\/index.php\/brialu\/\"><strong>BRIALU<\/strong><\/a><\/h4>\n<\/td>\n<td width=\"450\">\n<h4><strong>Limpiador especial para llantas de aleaci\u00f3n ligera<\/strong><\/h4>\n<\/td>\n<\/tr>\n<tr>\n<td width=\"203\">\n<h4><a href=\"https:\/\/www.rinaldi.es\/index.php\/brilcar\/\"><strong>BRILCAR<\/strong><\/a><\/h4>\n<\/td>\n<td width=\"450\">\n<h4><strong>Champ\u00fa para autom\u00f3viles<\/strong><\/h4>\n<\/td>\n<\/tr>\n<tr>\n<td width=\"203\">\n<h4><a href=\"https:\/\/www.rinaldi.es\/index.php\/cartolim2\/\"><strong>CARTOLIM<\/strong><\/a><\/h4>\n<\/td>\n<td width=\"450\">\n<h4><strong>Detergente concentrado para el lavado de camiones<\/strong><\/h4>\n<\/td>\n<\/tr>\n<tr>\n<td width=\"203\">\n<h4><a href=\"https:\/\/www.rinaldi.es\/index.php\/despar\/\"><strong>DESPAR<\/strong><\/a><\/h4>\n<\/td>\n<td width=\"450\">\n<h4><strong>Desparafinante sin olor a m\u00e1quina<\/strong><\/h4>\n<\/td>\n<\/tr>\n<tr>\n<td width=\"203\">\n<h4><a href=\"https:\/\/www.rinaldi.es\/index.php\/elrin\/\"><strong>ELRIN<\/strong><\/a><\/h4>\n<\/td>\n<td width=\"450\">\n<h4><strong>Eliminador de resinas protectoras de carrocer\u00edas \u2013 Quitamosquitos<\/strong><\/h4>\n<\/td>\n<\/tr>\n<tr>\n<td width=\"203\">\n<h4><a href=\"https:\/\/www.rinaldi.es\/index.php\/feronet2\/\"><strong>FERONET<\/strong><\/a><\/h4>\n<\/td>\n<td width=\"450\">\n<h4><strong>Disolvente limpiador de frenos de disco<\/strong><\/h4>\n<\/td>\n<\/tr>\n<tr>\n<td width=\"203\">\n<h4><a href=\"https:\/\/www.rinaldi.es\/index.php\/insect-2\/\"><strong>INSECT<\/strong><\/a><\/h4>\n<\/td>\n<td width=\"450\">\n<h4><strong>Eliminador de mosquitos<\/strong><\/h4>\n<\/td>\n<\/tr>\n<tr>\n<td width=\"203\">\n<h4><a href=\"https:\/\/www.rinaldi.es\/index.php\/multi-trac-2\/\"><strong>MULTI-TRAC<\/strong><\/a><\/h4>\n<\/td>\n<td width=\"450\">\n<h4><strong>Detergente\/Desengrasante de veh\u00edculos<\/strong><\/h4>\n<\/td>\n<\/tr>\n<tr>\n<td width=\"203\">\n<h4><a href=\"https:\/\/www.rinaldi.es\/index.php\/tireforce-2\/\"><strong>TIREFORCE<\/strong><\/a><\/h4>\n<\/td>\n<td width=\"450\">\n<h4><strong>Limpia llantas alcalino<\/strong><\/h4>\n<\/td>\n<\/tr>\n<tr>\n<td width=\"203\">\n<h4><a href=\"https:\/\/www.rinaldi.es\/index.php\/venclar\/\"><strong>VENCLAR<\/strong><\/a><\/h4>\n<\/td>\n<td width=\"450\">\n<h4><strong>Limpiacristales y cromados<\/strong><\/h4>\n<\/td>\n<\/tr>\n<\/tbody>\n<\/table>\n<p>[\/vc_column_text][\/vc_column_inner][\/vc_row_inner][vc_empty_space image_repeat=&#8221;no-repeat&#8221;][vc_row_inner row_type=&#8221;row&#8221; type=&#8221;full_width&#8221; use_row_as_full_screen_section_slide=&#8221;no&#8221; text_align=&#8221;left&#8221; css_animation=&#8221;&#8221; box_shadow_on_row=&#8221;no&#8221;][vc_column_inner width=&#8221;1\/2&#8243;]<a href=\"https:\/\/www.rinaldi.es\/index.php\/automocion\/\" target=\"_self\"  class=\"qbutton  icon_right\" style=\"\">VOLVER A &gt;&gt; AUTOMOCI\u00d3N<\/a>[vc_empty_space image_repeat=&#8221;no-repeat&#8221;][\/vc_column_inner][vc_column_inner width=&#8221;1\/2&#8243;][\/vc_column_inner][\/vc_row_inner][\/vc_column][\/vc_row][vc_row row_type=&#8221;row&#8221; use_row_as_full_screen_section=&#8221;no&#8221; type=&#8221;full_width&#8221; text_align=&#8221;left&#8221; css_animation=&#8221;&#8221; box_shadow_on_row=&#8221;no&#8221;][vc_column][\/vc_column][\/vc_row][vc_row row_type=&#8221;row&#8221; use_row_as_full_screen_section=&#8221;no&#8221; type=&#8221;full_width&#8221; text_align=&#8221;left&#8221; css_animation=&#8221;&#8221; box_shadow_on_row=&#8221;no&#8221;][vc_column][\/vc_column][\/vc_row]<\/p>\n","protected":false},"excerpt":{"rendered":"<p>[vc_row row_type=&#8221;row&#8221; use_row_as_full_screen_section=&#8221;no&#8221; type=&#8221;grid&#8221; text_align=&#8221;left&#8221; css_animation=&#8221;&#8221; box_shadow_on_row=&#8221;no&#8221;][vc_column][vc_empty_space image_repeat=&#8221;no-repeat&#8221;][vc_column_text css=&#8221;.vc_custom_1545330239552{border-bottom-width: 32px !important;}&#8221;] Con el objetivo de ofrecer una herramienta sencilla, eficaz y completa, presentamos este nuevo cat\u00e1logo de productos consecuencia de una labor de m\u00e1s de cuarenta a\u00f1os. &nbsp; Esa dilatada experiencia nos permite responder a <a class=\"read-more-link\" href=\"https:\/\/www.rinaldi.es\/index.php\/limpieza-exterior-vehiculos\/\">M\u00e1s detalles<\/a><\/p>\n","protected":false},"author":1,"featured_media":0,"parent":0,"menu_order":0,"comment_status":"closed","ping_status":"closed","template":"full_width.php","meta":{"_monsterinsights_skip_tracking":false,"_monsterinsights_sitenote_active":false,"_monsterinsights_sitenote_note":"","_monsterinsights_sitenote_category":0,"footnotes":""},"class_list":["post-6641","page","type-page","status-publish","hentry"],"_links":{"self":[{"href":"https:\/\/www.rinaldi.es\/index.php\/wp-json\/wp\/v2\/pages\/6641","targetHints":{"allow":["GET"]}}],"collection":[{"href":"https:\/\/www.rinaldi.es\/index.php\/wp-json\/wp\/v2\/pages"}],"about":[{"href":"https:\/\/www.rinaldi.es\/index.php\/wp-json\/wp\/v2\/types\/page"}],"author":[{"embeddable":true,"href":"https:\/\/www.rinaldi.es\/index.php\/wp-json\/wp\/v2\/users\/1"}],"replies":[{"embeddable":true,"href":"https:\/\/www.rinaldi.es\/index.php\/wp-json\/wp\/v2\/comments?post=6641"}],"version-history":[{"count":6,"href":"https:\/\/www.rinaldi.es\/index.php\/wp-json\/wp\/v2\/pages\/6641\/revisions"}],"predecessor-version":[{"id":7981,"href":"https:\/\/www.rinaldi.es\/index.php\/wp-json\/wp\/v2\/pages\/6641\/revisions\/7981"}],"wp:attachment":[{"href":"https:\/\/www.rinaldi.es\/index.php\/wp-json\/wp\/v2\/media?parent=6641"}],"curies":[{"name":"wp","href":"https:\/\/api.w.org\/{rel}","templated":true}]}}