{"id":6662,"date":"2018-11-25T23:05:34","date_gmt":"2018-11-25T23:05:34","guid":{"rendered":"http:\/\/www.rinaldi.es\/?page_id=6662"},"modified":"2018-12-20T18:32:17","modified_gmt":"2018-12-20T18:32:17","slug":"limpieza-general-del-taller","status":"publish","type":"page","link":"https:\/\/www.rinaldi.es\/index.php\/limpieza-general-del-taller\/","title":{"rendered":"Limpieza general del taller"},"content":{"rendered":"<p>[vc_row row_type=&#8221;row&#8221; use_row_as_full_screen_section=&#8221;no&#8221; type=&#8221;grid&#8221; text_align=&#8221;left&#8221; css_animation=&#8221;&#8221; box_shadow_on_row=&#8221;no&#8221;][vc_column][vc_empty_space image_repeat=&#8221;no-repeat&#8221;][vc_column_text css=&#8221;.vc_custom_1545330734664{border-bottom-width: 32px !important;}&#8221;]<\/p>\n<h4 style=\"text-align: center;\"><strong>Con el objetivo de ofrecer una herramienta sencilla, eficaz y completa, presentamos este nuevo cat\u00e1logo de productos consecuencia de una labor de <\/strong><strong>m\u00e1s de cuarenta a\u00f1os.<\/strong><\/h4>\n<h4><\/h4>\n<p>&nbsp;<\/p>\n<h4 style=\"text-align: center;\"><strong>Esa dilatada experiencia nos permite responder a las exigencias de\u00a0 nuestros clientes, dar soluci\u00f3n a problemas presentados en diferentes \u00e1mbitos siempre atendiendo a los \u00faltimos avances t\u00e9cnicos, a las\u00a0 diferentes normativas y a nuestras propias exigencias de m\u00e1xima calidad.<\/strong><\/h4>\n<p>[\/vc_column_text][vc_empty_space image_repeat=&#8221;no-repeat&#8221;][\/vc_column][\/vc_row][vc_row row_type=&#8221;row&#8221; use_row_as_full_screen_section=&#8221;no&#8221; type=&#8221;grid&#8221; text_align=&#8221;left&#8221; background_color=&#8221;#ffffff&#8221; css_animation=&#8221;&#8221; box_shadow_on_row=&#8221;no&#8221;][vc_column][vc_empty_space image_repeat=&#8221;no-repeat&#8221;][vc_column_text]<\/p>\n<h3><b>Limpieza general del taller<\/b><\/h3>\n<p>[\/vc_column_text][vc_empty_space height=&#8221;50px&#8221; image_repeat=&#8221;no-repeat&#8221;][vc_row_inner row_type=&#8221;row&#8221; type=&#8221;grid&#8221; use_row_as_full_screen_section_slide=&#8221;no&#8221; text_align=&#8221;center&#8221; css_animation=&#8221;&#8221; box_shadow_on_row=&#8221;no&#8221;][vc_column_inner][vc_empty_space image_repeat=&#8221;no-repeat&#8221;][vc_column_text]<\/p>\n<table width=\"660\">\n<tbody>\n<tr>\n<td width=\"203\">\n<h4><a href=\"https:\/\/www.rinaldi.es\/index.php\/calimp4\/\"><strong>CALIMP<\/strong><\/a><\/h4>\n<\/td>\n<td width=\"457\">\n<h4><strong>Desengrasante para la limpieza a mano de suelos de talleres en zonas especialmente sucias<\/strong><\/h4>\n<\/td>\n<\/tr>\n<tr>\n<td width=\"203\">\n<h4><a href=\"https:\/\/www.rinaldi.es\/index.php\/graman2\/\"><strong>GRAMAN<\/strong><\/a><\/h4>\n<\/td>\n<td width=\"457\">\n<h4><strong>Pasta lavamanos con micropart\u00edculas de alto poder desengrasante especial mec\u00e1nicos.<\/strong><\/h4>\n<\/td>\n<\/tr>\n<tr>\n<td width=\"203\">\n<h4><a href=\"https:\/\/www.rinaldi.es\/index.php\/limman2\/\"><strong>LIMMAN<\/strong><\/a><\/h4>\n<\/td>\n<td width=\"457\">\n<h4><strong>Gel lavamanos azul enriquecido con lanolina y de un agradable olor a manzana<\/strong><\/h4>\n<\/td>\n<\/tr>\n<tr>\n<td width=\"203\">\n<h4><a href=\"https:\/\/www.rinaldi.es\/index.php\/limpsol2\/\"><strong>LIMPSOL<\/strong><\/a><\/h4>\n<\/td>\n<td width=\"457\">\n<h4><strong>Desengrasante de uso general para todo tipo de superficies met\u00e1licas.<\/strong><\/h4>\n<\/td>\n<\/tr>\n<tr>\n<td width=\"203\">\n<h4><a href=\"https:\/\/www.rinaldi.es\/index.php\/masul2\/\"><strong>MASUL<\/strong><\/a><\/h4>\n<\/td>\n<td width=\"457\">\n<h4><strong>L\u00edquido concentrado para fregadoras autom\u00e1ticas de espuma controlada<\/strong><\/h4>\n<\/td>\n<\/tr>\n<tr>\n<td width=\"203\">\n<h4><a href=\"https:\/\/www.rinaldi.es\/index.php\/pavirin\/\"><strong>PAVIRIN<\/strong><\/a><\/h4>\n<\/td>\n<td width=\"457\">\n<h4><strong>Pintura especial antipolvo y antihumedad para cemento, monocomponente y de base solvente<\/strong><\/h4>\n<\/td>\n<\/tr>\n<tr>\n<td width=\"203\">\n<h4><a href=\"https:\/\/www.rinaldi.es\/index.php\/rincryl-c\/\"><strong>RINCRYL-C<\/strong><\/a><\/h4>\n<\/td>\n<td width=\"457\">\n<h4><strong>Pintura especial antipolvo y antihumedad para cemento, monocomponente y de base acuosa.<\/strong><\/h4>\n<\/td>\n<\/tr>\n<tr>\n<td width=\"203\">\n<h4><a href=\"https:\/\/www.rinaldi.es\/index.php\/saninet2\/\"><strong>SANINET<\/strong><\/a><\/h4>\n<\/td>\n<td width=\"457\">\n<h4><strong>L\u00edquido para la limpieza de sanitarios, especialmente desarrollado para la limpieza de restos de cal, grasa y \u00f3xido.<\/strong><\/h4>\n<\/td>\n<\/tr>\n<tr>\n<td width=\"203\">\n<h4><a href=\"https:\/\/www.rinaldi.es\/index.php\/trafic\/\"><strong>TRAFIC<\/strong><\/a><\/h4>\n<\/td>\n<td width=\"457\">\n<h4><strong>Pintura para se\u00f1alizaci\u00f3n vial y marcaje de zonas.<\/strong><\/h4>\n<\/td>\n<\/tr>\n<\/tbody>\n<\/table>\n<p>[\/vc_column_text][\/vc_column_inner][\/vc_row_inner][vc_empty_space image_repeat=&#8221;no-repeat&#8221;][vc_row_inner row_type=&#8221;row&#8221; type=&#8221;full_width&#8221; use_row_as_full_screen_section_slide=&#8221;no&#8221; text_align=&#8221;left&#8221; css_animation=&#8221;&#8221; box_shadow_on_row=&#8221;no&#8221;][vc_column_inner width=&#8221;1\/2&#8243;]<a href=\"https:\/\/www.rinaldi.es\/index.php\/automocion\/\" target=\"_self\"  class=\"qbutton  icon_right\" style=\"\">VOLVER A &gt;&gt; AUTOMOCI\u00d3N<\/a>[vc_empty_space image_repeat=&#8221;no-repeat&#8221;][\/vc_column_inner][vc_column_inner width=&#8221;1\/2&#8243;][\/vc_column_inner][\/vc_row_inner][\/vc_column][\/vc_row][vc_row row_type=&#8221;row&#8221; use_row_as_full_screen_section=&#8221;no&#8221; type=&#8221;full_width&#8221; text_align=&#8221;left&#8221; css_animation=&#8221;&#8221; box_shadow_on_row=&#8221;no&#8221;][vc_column][\/vc_column][\/vc_row][vc_row row_type=&#8221;row&#8221; use_row_as_full_screen_section=&#8221;no&#8221; type=&#8221;full_width&#8221; text_align=&#8221;left&#8221; css_animation=&#8221;&#8221; box_shadow_on_row=&#8221;no&#8221;][vc_column][\/vc_column][\/vc_row]<\/p>\n","protected":false},"excerpt":{"rendered":"<p>[vc_row row_type=&#8221;row&#8221; use_row_as_full_screen_section=&#8221;no&#8221; type=&#8221;grid&#8221; text_align=&#8221;left&#8221; css_animation=&#8221;&#8221; box_shadow_on_row=&#8221;no&#8221;][vc_column][vc_empty_space image_repeat=&#8221;no-repeat&#8221;][vc_column_text css=&#8221;.vc_custom_1545330734664{border-bottom-width: 32px !important;}&#8221;] Con el objetivo de ofrecer una herramienta sencilla, eficaz y completa, presentamos este nuevo cat\u00e1logo de productos consecuencia de una labor de m\u00e1s de cuarenta a\u00f1os. &nbsp; Esa dilatada experiencia nos permite responder a <a class=\"read-more-link\" href=\"https:\/\/www.rinaldi.es\/index.php\/limpieza-general-del-taller\/\">M\u00e1s detalles<\/a><\/p>\n","protected":false},"author":1,"featured_media":0,"parent":0,"menu_order":0,"comment_status":"closed","ping_status":"closed","template":"full_width.php","meta":{"_monsterinsights_skip_tracking":false,"_monsterinsights_sitenote_active":false,"_monsterinsights_sitenote_note":"","_monsterinsights_sitenote_category":0,"footnotes":""},"class_list":["post-6662","page","type-page","status-publish","hentry"],"_links":{"self":[{"href":"https:\/\/www.rinaldi.es\/index.php\/wp-json\/wp\/v2\/pages\/6662","targetHints":{"allow":["GET"]}}],"collection":[{"href":"https:\/\/www.rinaldi.es\/index.php\/wp-json\/wp\/v2\/pages"}],"about":[{"href":"https:\/\/www.rinaldi.es\/index.php\/wp-json\/wp\/v2\/types\/page"}],"author":[{"embeddable":true,"href":"https:\/\/www.rinaldi.es\/index.php\/wp-json\/wp\/v2\/users\/1"}],"replies":[{"embeddable":true,"href":"https:\/\/www.rinaldi.es\/index.php\/wp-json\/wp\/v2\/comments?post=6662"}],"version-history":[{"count":3,"href":"https:\/\/www.rinaldi.es\/index.php\/wp-json\/wp\/v2\/pages\/6662\/revisions"}],"predecessor-version":[{"id":7870,"href":"https:\/\/www.rinaldi.es\/index.php\/wp-json\/wp\/v2\/pages\/6662\/revisions\/7870"}],"wp:attachment":[{"href":"https:\/\/www.rinaldi.es\/index.php\/wp-json\/wp\/v2\/media?parent=6662"}],"curies":[{"name":"wp","href":"https:\/\/api.w.org\/{rel}","templated":true}]}}