{"id":7662,"date":"2018-12-06T19:04:43","date_gmt":"2018-12-06T19:04:43","guid":{"rendered":"http:\/\/www.rinaldi.es\/?page_id=7662"},"modified":"2018-12-06T19:04:43","modified_gmt":"2018-12-06T19:04:43","slug":"aviso-legal","status":"publish","type":"page","link":"https:\/\/www.rinaldi.es\/index.php\/aviso-legal\/","title":{"rendered":"Aviso Legal"},"content":{"rendered":"<p>&nbsp;<\/p>\n<h3><strong>Aviso legal<\/strong><\/h3>\n<p>&nbsp;<\/p>\n<p>En cumplimiento del art\u00edculo 10 de la Ley 34\/2002, de 11 de julio, de Servicios de la Sociedad de la Informaci\u00f3n y Comercio Electr\u00f3nico (LSSICE), a continuaci\u00f3n se exponen los datos identificativos de la empresa.<\/p>\n<p><strong>Titular<\/strong>: PRODUCTOS QUIMICOS RINALDI, S.A..<\/p>\n<p><strong>C.I.F.: A-26-051862<\/strong><\/p>\n<p><strong>Direcci\u00f3n:<\/strong>\u00a0Carretera del Cortijo, Km. 3<\/p>\n<p><strong>C.P.<\/strong>\u00a026006 \u00a0 LOGRO\u00d1O \u00a0(La Rioja) &#8211; Espa\u00f1a<\/p>\n<p><strong>Tel\u00e9fono:<\/strong>\u00a0941 206 501<\/p>\n<p><strong>Fax:<\/strong>\u00a0941 216 485<\/p>\n<p><strong>E-Mail:\u00a0<\/strong><a href=\"mailto:rinaldi@rinaldi.es?subject=Desde%20La%20Web&amp;body=.\"><strong>rinaldi@rinaldi.es<\/strong><\/a><\/p>\n<p><strong>Datos Registrales:<\/strong><\/p>\n<p>Inscrita en el Registro Mercantil de La Rioja<\/p>\n<p>Inscripci\u00f3n 1\u00aa, Tomo 185, General, Libro 133, Secc 3\u00aa, Folio 139, Hoja 1820<\/p>\n<p>PRODUCTOS QUIMICOS RINALDI, S.A.. es propietario del nombre de dominio y p\u00e1gina en Internet a la que se accede a trav\u00e9s de la direcci\u00f3n\u00a0<a href=\"https:\/\/www.rinaldi.es\/RINALDI\/\"><strong>https:\/\/www.rinaldi.es<\/strong><\/a><\/p>\n<p>&nbsp;<\/p>\n<p><strong>Aceptaci\u00f3n de las Condiciones de uso<\/strong><\/p>\n<p>&nbsp;<\/p>\n<p>Las presentes condiciones (en adelante denominadas \u201cAviso legal\u201d) tienen por objeto regular el uso de esta Web que PRODUCTOS QUIMICOS RINALDI, S.A. (en adelante \u201cLA EMPRESA\u201d) pone a disposici\u00f3n del p\u00fablico en la presente URL.<\/p>\n<p>La utilizaci\u00f3n del sitio Web por un tercero le atribuye la condici\u00f3n de Usuario y supone la aceptaci\u00f3n plena por dicho Usuario de todas y cada una de las condiciones que se incorporan al presente Aviso legal.<\/p>\n<p>&nbsp;<\/p>\n<p><strong>Condiciones de uso de la Web<\/strong><\/p>\n<p>&nbsp;<\/p>\n<p>El Usuario se compromete a utilizar la Web de conformidad con la Ley, el presente Aviso Legal, y dem\u00e1s avisos, reglamentos de uso e instrucciones puestos en su conocimiento, as\u00ed como con la moral y las buenas costumbres generalmente aceptadas y el orden p\u00fablico.<\/p>\n<p>El Usuario se obliga a usar los Contenidos de forma diligente, correcta y l\u00edcita y, en particular, se compromete a abstenerse de (a) utilizar los Contenidos de forma, con fines o efectos contrarios a la ley, a la moral y a las buenas costumbres generalmente aceptadas o al orden p\u00fablico; (b) reproducir o copiar, distribuir, permitir el acceso del p\u00fablico a trav\u00e9s de cualquier modalidad de comunicaci\u00f3n p\u00fablica, transformar o modificar los Contenidos, a menos que se cuente con la autorizaci\u00f3n del titular de los correspondientes derechos o ello resulte legalmente permitido; (c) suprimir, eludir o manipular el &#8220;copyright&#8221; y dem\u00e1s datos identificativos.<\/p>\n<p>Queda prohibido realizar sin la debida autorizaci\u00f3n cualquier tipo de publicidad o informaci\u00f3n comercial directamente o de forma encubierta el env\u00edo de correos masivos (&#8220;spaming&#8221;).<\/p>\n<p>Igualmente, queda prohibido realizar acciones que puedan producir en el sitio Web o a trav\u00e9s del mismo por cualquier medio, cualquier tipo de da\u00f1o a los sistemas de LA EMPRESA o a terceros.<\/p>\n<p>Cualquier enlace que se efect\u00fae con los contenidos, requerir\u00e1\u00a0la previa conformidad de LA EMPRESA y deber\u00e1 permitir, mediante la oportuna visualizaci\u00f3n, la identificaci\u00f3n de su procedencia. La utilizaci\u00f3n de esta informaci\u00f3n en otros sitios de Internet requerir\u00e1 autorizaci\u00f3n expresa.<\/p>\n<p><strong>Exenci\u00f3n de responsabilidades<\/strong><\/p>\n<p>&nbsp;<\/p>\n<p>PRODUCTOS QUIMICOS RINALDI, S.A.. podr\u00e1 modificar, sin previo aviso, la informaci\u00f3n contenida en su sitio Web, as\u00ed como su configuraci\u00f3n y presentaci\u00f3n. LA EMPRESA no garantiza la inexistencia de interrupciones o errores en el acceso a la p\u00e1gina Web, en su contenido, ni que \u00e9ste se encuentre actualizado, aunque desarrollar\u00e1 sus mejores esfuerzos para, en su caso, evitarlos, subsanarlos o actualizarlos.<\/p>\n<p>LA EMPRESA no se hace responsable de los da\u00f1os y perjuicios directos o indirectos, incluidos da\u00f1os a sistemas inform\u00e1ticos e introducci\u00f3n de virus existentes en la red, derivados de la navegaci\u00f3n por Internet necesaria para el uso de este sitio Web.<\/p>\n<p>LA EMPRESA se compromete a trav\u00e9s de este medio a NO REALIZAR PUBLICIDAD ENGA\u00d1OSA. A estos efectos, por lo tanto, no ser\u00e1n considerados como publicidad enga\u00f1osa los errores formales o num\u00e9ricos que puedan encontrarse a lo largo del contenido de las distintas secciones de la Web\u00a0<a href=\"https:\/\/www.rinaldi.es\/RINALDI\/\"><strong>http:\/\/www.rinaldi.es<\/strong><\/a>, producidos como consecuencia de un mantenimiento y\/o actualizaci\u00f3n incompleta o defectuosa de la informaci\u00f3n contenida es estas secciones. PRODUCTOS QUIMICOS RINALDI, S.A.. como consecuencia de lo dispuesto en este apartado, se compromete a corregirlo tan pronto como tenga conocimiento de dichos errores.<\/p>\n<p>LA EMPRESA no se hace responsable del incumplimiento de cualquier norma aplicable en que pueda incurrir el Usuario en su acceso al presente sitio Web y\/o en el uso de las informaciones contenidas en el mismo.<\/p>\n<p>LA EMPRESA no ser\u00e1 responsable de los da\u00f1os y perjuicios producidos o que puedan producirse, cualquiera que sea su naturaleza, que se deriven del uso de la informaci\u00f3n, de las materias contenidas en este Web Site y de los programas que incorpora. Los enlaces (Links) e hipertexto que posibiliten, a trav\u00e9s del sitio Web de la empresa, acceder al Usuario a prestaciones y servicios ofrecidos por terceros, no pertenecen ni se encuentran bajo el control de nombre de la empresa; dicha entidad no se hace responsable ni de la informaci\u00f3n contenida en los mismos ni de cualesquiera efectos que pudieran derivarse de dicha informaci\u00f3n.<\/p>\n<p>En definitiva, el Usuario es el \u00fanico responsable del uso que realice de los servicios, contenidos, enlaces (links) e hipertexto incluidos en el sitio Web de LA EMPRESA.<\/p>\n<p><strong>Derechos Propiedad intelectual e industrial<\/strong><\/p>\n<p>&nbsp;<\/p>\n<p>Todos los contenidos de la Web, salvo que se indique lo contrario, son titularidad exclusiva de PRODUCTOS QUIMICOS RINALDI, S.A.. y, con car\u00e1cter enunciativo, que no limitativo, el dise\u00f1o gr\u00e1fico, c\u00f3digo fuente, logos, textos, gr\u00e1ficos, ilustraciones, fotograf\u00edas, y dem\u00e1s elementos que aparecen en la Web.\u00a0\u00a0Igualmente, todos los nombres comerciales, marcas o signos distintivos de cualquier clase contenidos en el Web est\u00e1n protegidos por la Ley.<\/p>\n<p>LA EMPRESA no concede ning\u00fan tipo de licencia o autorizaci\u00f3n de uso personal al Usuario sobre sus derechos de propiedad intelectual e industrial o sobre cualquier otro derecho relacionado con su Web y los servicios ofrecidos en la misma.<\/p>\n<p>Por ello, el Usuario reconoce que la reproducci\u00f3n, distribuci\u00f3n, comercializaci\u00f3n, transformaci\u00f3n, y en general, cualquier otra forma de explotaci\u00f3n, por cualquier procedimiento, de todo o parte de los contenidos de este Web constituye una infracci\u00f3n de los derechos de propiedad intelectual y\/o industrial de la empresa o del titular de los mismos.<\/p>\n<p>El Usuario, \u00fanica y exclusivamente, puede utilizar el material que aparezca en este sitio Web para su uso personal y privado, quedando prohibido su uso con fines comerciales o para incurrir en actividades il\u00edcitas.<\/p>\n<p>En virtud de lo dispuesto en los art\u00edculos 8 y 32.1, p\u00e1rrafo segundo, de la Ley de Propiedad Intelectual, quedan expresamente prohibidas la reproducci\u00f3n, la distribuci\u00f3n y la comunicaci\u00f3n p\u00fablica, incluida su modalidad de puesta a disposici\u00f3n, de la totalidad o parte de los contenidos de esta p\u00e1gina Web, con fines comerciales, en cualquier soporte y por cualquier medio t\u00e9cnico, sin la autorizaci\u00f3n de LA EMPRESA. El Usuario se compromete a respetar los derechos de Propiedad Intelectual e Industrial titularidad de PRODUCTOS QUIMICOS RINALDI, S.A.<\/p>\n<p>LA EMPRESA velar\u00e1 por el cumplimiento de las anteriores condiciones como por la debida utilizaci\u00f3n de los contenidos presentados en su p\u00e1gina Web, ejercitando todas las acciones civiles y penales que le correspondan en el caso de infracci\u00f3n o incumplimiento de estos derechos por parte del Usuario.<\/p>\n<p>&nbsp;<\/p>\n<p>&nbsp;<\/p>\n","protected":false},"excerpt":{"rendered":"<p>&nbsp; Aviso legal &nbsp; En cumplimiento del art\u00edculo 10 de la Ley 34\/2002, de 11 de julio, de Servicios de la Sociedad de la Informaci\u00f3n y Comercio Electr\u00f3nico (LSSICE), a continuaci\u00f3n se exponen los datos identificativos de la empresa. Titular: PRODUCTOS QUIMICOS RINALDI, S.A.. C.I.F.: <a class=\"read-more-link\" href=\"https:\/\/www.rinaldi.es\/index.php\/aviso-legal\/\">M\u00e1s detalles<\/a><\/p>\n","protected":false},"author":1,"featured_media":0,"parent":0,"menu_order":0,"comment_status":"closed","ping_status":"closed","template":"","meta":{"_monsterinsights_skip_tracking":false,"_monsterinsights_sitenote_active":false,"_monsterinsights_sitenote_note":"","_monsterinsights_sitenote_category":0,"footnotes":""},"class_list":["post-7662","page","type-page","status-publish","hentry"],"_links":{"self":[{"href":"https:\/\/www.rinaldi.es\/index.php\/wp-json\/wp\/v2\/pages\/7662","targetHints":{"allow":["GET"]}}],"collection":[{"href":"https:\/\/www.rinaldi.es\/index.php\/wp-json\/wp\/v2\/pages"}],"about":[{"href":"https:\/\/www.rinaldi.es\/index.php\/wp-json\/wp\/v2\/types\/page"}],"author":[{"embeddable":true,"href":"https:\/\/www.rinaldi.es\/index.php\/wp-json\/wp\/v2\/users\/1"}],"replies":[{"embeddable":true,"href":"https:\/\/www.rinaldi.es\/index.php\/wp-json\/wp\/v2\/comments?post=7662"}],"version-history":[{"count":2,"href":"https:\/\/www.rinaldi.es\/index.php\/wp-json\/wp\/v2\/pages\/7662\/revisions"}],"predecessor-version":[{"id":7664,"href":"https:\/\/www.rinaldi.es\/index.php\/wp-json\/wp\/v2\/pages\/7662\/revisions\/7664"}],"wp:attachment":[{"href":"https:\/\/www.rinaldi.es\/index.php\/wp-json\/wp\/v2\/media?parent=7662"}],"curies":[{"name":"wp","href":"https:\/\/api.w.org\/{rel}","templated":true}]}}